{"id":588,"date":"2017-05-07T23:29:00","date_gmt":"2017-05-07T21:29:00","guid":{"rendered":"http:\/\/montanaaventure.com\/?page_id=588"},"modified":"2025-08-14T15:22:27","modified_gmt":"2025-08-14T13:22:27","slug":"conditions-generale-2020","status":"publish","type":"page","link":"https:\/\/montanaaventure.com\/index.php\/conditions-generale-2020\/","title":{"rendered":"CONDITIONS GENERALES"},"content":{"rendered":"ngg_shortcode_0_placeholder\n<table>\n<tbody>\n<tr>\n<td style=\"text-align: center;\">\n<p style=\"text-align: left;\"><span style=\"text-decoration: underline;\"><span style=\"color: #ff0000; text-decoration: underline;\">CONDITIONS GENERALES de MONTANA-AVENTURE Inc<\/span><\/span><\/p>\n<p>Saison 2026 &#8211; du 15 janvier au 15 mars &#8211; Tarifs (sous r\u00e9serve du cours du dollar cad)<\/p>\n<p style=\"text-align: left;\"><span style=\"font-size: 10pt;\"><em>Tous droits r\u00e9serv\u00e9s \u00e0 MONTANA AVENTURE Inc.<\/em><\/span><br \/>\n<span style=\"font-size: 10pt;\"><em>Toute mise en r\u00e9seau et toute rediffusion, sous quelque forme, m\u00eame partielle, sont interdites.<\/em><\/span><\/p>\n<\/td>\n<\/tr>\n<tr>\n<td><span style=\"color: #ff0000;\">Montana-Aventure<\/span> se r\u00e9serve le droit de revoir les tarifs en fonction des fluctuations \u00e9conomiques (hausse du carburant, cours du dollar cad etc&#8230;)&nbsp;&nbsp;Raid des Ecureuils 8 jours &#8211; 7 nuits = <strong>1 680\u20ac<\/strong> \/ personne (2 pers. par moto-neige)<br \/>\nRaid des Ecureuils 8 jours &#8211; 7 nuits = <strong>2 370\u20ac<\/strong> \/ personne (1 pers. par moto-neige)<br \/>\nRaid des Castors 8 jours &#8211; 7 nuits = <strong>1 950\u20ac<\/strong> \/ personne (2 pers. par moto-neige)<br \/>\nRaid des Castors 8 jours &#8211; 7 nuits = <strong>2 780\u20ac<\/strong> \/ personne (1 pers. par moto-neige)<br \/>\nRaid des Loups 8 jours &#8211; 7 nuits = <strong>2 940\u20ac<\/strong> \/ personne (en solo &#8211; possibilit\u00e9 2 personnes \/ moto-neige selon niveau)<br \/>\nRaid des Loups Blancs 9 jours &#8211; 8 nuits = <strong>3280\u20ac<\/strong> \/ personne (exclusivement en solo)<\/p>\n<p>&nbsp;<\/p>\n<p style=\"text-align: center;\"><strong>(pour tous r\u00e8glements par virement bancaire, nous consulter)<\/strong><\/p>\n<\/td>\n<\/tr>\n<tr>\n<td><strong><span style=\"text-decoration: underline;\">Nos offres comprennent:<\/span><\/strong><br \/>\n*L\u02bcaccueil personnalis\u00e9, le transfert de l\u02bca\u00e9roport de Montr\u00e9al \u00e0 l\u02bch\u00f4tel ou aux g\u00eetes.<br \/>\n*Tous les autres transferts terrestres indiqu\u00e9s sur nos programmes de visite.<br \/>\n*Le logement en chambre double pendant le nombre de nuits pr\u00e9vu.<br \/>\n*La pension compl\u00e8te du d\u00eener du 1er jour sur la terre canadienne au petit d\u00e9jeuner du dernier jour.<br \/>\n*La location des motos 600 E-Tec, 900 ACE ou 1200 cc ou \u00e9quivalent pour la dur\u00e9e du raid choisi.<br \/>\n*Le carburant, l\u2019huile 2 temps, le gaz-line pour la dur\u00e9e du raid.<br \/>\n*L&rsquo;\u00e9quipement complet : casque int\u00e9gral \u00e0 visi\u00e8re chauffante, mitaines, bottes, salopette, blouson, sac en toile \u00e9tanche (v\u00eatements Vortex de qualit\u00e9 extr\u00eame jusqu\u2019\u00e0 -60\u00b0C).<br \/>\n*Un t\u00e9l\u00e9phone satellite pour la s\u00e9curit\u00e9 du groupe.<br \/>\n*Le permis de circuler sur les sentiers motoneige.<br \/>\n*L\u2019assurance responsabilit\u00e9 civile de votre motoneige.<br \/>\n*L\u2019assurance d\u00e9pannage m\u00e9canique de votre motoneige.<br \/>\n*Les taxes provinciales et f\u00e9d\u00e9rales non remboursables aux touristes \u00e9trangers.<br \/>\n*Les consommations prises en commun calcul\u00e9es \u00e0 hauteur de 120$ par personne pendant le raid.<\/td>\n<\/tr>\n<\/tbody>\n<\/table>\n<table>\n<tbody>\n<tr>\n<td><img loading=\"lazy\" decoding=\"async\" class=\"size-medium wp-image-452 alignleft\" src=\"https:\/\/montanaaventure.com\/wp-content\/uploads\/2017\/05\/image6351-300x187.jpg\" alt=\"\" width=\"321\" height=\"200\" srcset=\"https:\/\/montanaaventure.com\/wp-content\/uploads\/2017\/05\/image6351-300x187.jpg 300w, https:\/\/montanaaventure.com\/wp-content\/uploads\/2017\/05\/image6351.jpg 326w\" sizes=\"auto, (max-width: 321px) 100vw, 321px\" \/><\/td>\n<td><img loading=\"lazy\" decoding=\"async\" class=\"size-medium wp-image-428 alignright\" src=\"https:\/\/montanaaventure.com\/wp-content\/uploads\/2017\/05\/image846-300x185.jpg\" alt=\"\" width=\"324\" height=\"200\" srcset=\"https:\/\/montanaaventure.com\/wp-content\/uploads\/2017\/05\/image846-300x185.jpg 300w, https:\/\/montanaaventure.com\/wp-content\/uploads\/2017\/05\/image846.jpg 321w\" sizes=\"auto, (max-width: 324px) 100vw, 324px\" \/><\/td>\n<\/tr>\n<\/tbody>\n<\/table>\n<table style=\"background-color: #f0ec0c;\">\n<tbody>\n<tr>\n<td style=\"text-align: center;\"><span style=\"text-decoration: underline;\">****** Nos offres ne comprennent pas ******<\/span><br \/>\n*Les transports a\u00e9riens et autres navettes pour se rendre dans les a\u00e9roports.<br \/>\n*La caution de 2500.$ cad. sous forme de ch\u00e8que ou d\u02bcempreinte CB pour une motoneige (se renseigner aupr\u00e8s de Montana Aventure pour les clauses du contrat).<br \/>\n*Les activit\u00e9s optionnelles (traineau \u00e0 chiens &#8211; tour a\u00e9rien &#8211; ballade \u00e0 cheval &#8211; conduite sur glace)<br \/>\n*Le ou les soins (massages) \u00e0 l\u02bcissue du Raid pour la formule choisie.<br \/>\n*Le d\u00e9jeuner du 8\u00e8me jour (d\u00e9jeuner g\u00e9n\u00e9ralement pris au cours du quartier libre \u00e0 Montr\u00e9al)<br \/>\n*Les autres consommations personnelles au cours du s\u00e9jour (vins, bi\u00e8res, ap\u00e9ritifs, digestifs, sodas, gaz d\u2019avion)<br \/>\n*Les d\u00e9penses diverses et personnelles.<\/td>\n<\/tr>\n<\/tbody>\n<\/table>\n<table>\n<tbody>\n<tr>\n<td>CANADA PRATIQUE<\/td>\n<\/tr>\n<tr>\n<td>* Monnaie :l\u2019unit\u00e9 canadienne est le $ canadien. Le plus pratique est d&rsquo;effectuer votre change en arrivant \u00e0 Montr\u00e9al.<br \/>\n* D\u00e9calage horaire : Quand il est 18h \u00e0 Paris il est midi \u00e0 Montr\u00e9al<br \/>\n* Formalit\u00e9s : Passeport en cours de&nbsp; validit\u00e9&nbsp; pour&nbsp; les&nbsp; ressortissants&nbsp; fran\u00e7ais. Permis de conduire&nbsp; automobile (permis B).<br \/>\n* Courant \u00e9lectrique : Attention 110 volts fiches plates comme aux Etats-Unis.<br \/>\n* Langue : Au Qu\u00e9bec, dans les r\u00e9gions o\u00f9 se d\u00e9roulent nos circuits, la langue pratiqu\u00e9e est le&nbsp;&nbsp; fran\u00e7ais avec un accent irrempla\u00e7able en plus.<br \/>\n* Climat : Le Qu\u00e9bec a un climat tr\u00e8s continental. Le froid intense mais sec est largement supportable&nbsp; gr\u00e2ce \u00e0 nos \u00e9quipements grand froid. Les chutes de neiges sont courtes et abondantes<\/td>\n<\/tr>\n<tr>\n<td><span style=\"text-decoration: underline;\"><span style=\"color: #ff0000; text-decoration: underline;\">Pour infos:<br \/>\n<\/span><\/span>le prix du billet d\u02bcavion se situe entre 500 et 600 \u20ac pour un aller\/retour Frankfurt &#8211; Montr\u00e9al et de 450 \u00e0 550 \u20ac pour un aller\/retour Paris &#8211; Montr\u00e9al. (voir tarifs sur internet -Opodo, Go Voyages ou Air Canada ou en agence de voyages).<\/td>\n<\/tr>\n<\/tbody>\n<\/table>\n<table>\n<tbody>\n<tr>\n<td><span style=\"text-decoration: underline;\"><span style=\"color: #ff0000; text-decoration: underline;\">Le plus de Montana-Aventure :<\/span><\/span><br \/>\n&#8211; Pour ceux qui veulent prolonger le s\u00e9jour au Qu\u00e9bec.<br \/>\n&#8211; Possibilit\u00e9 de prendre un autre transport a\u00e9rien ( autre d\u00e9part ).<br \/>\n&#8211; Possibilit\u00e9 de composer son propre Raid (amis\/famille etc&#8230;).<\/td>\n<td><img loading=\"lazy\" decoding=\"async\" class=\"alignnone size-full wp-image-373 alignleft\" src=\"https:\/\/montanaaventure.com\/wp-content\/uploads\/2017\/05\/image631.jpg\" alt=\"\" width=\"219\" height=\"151\"><\/td>\n<\/tr>\n<\/tbody>\n<\/table>\n<table>\n<tbody>\n<tr>\n<td><span style=\"text-decoration: underline;\"><span style=\"color: #ff0000; text-decoration: underline;\">Equipements \u00e0 pr\u00e9voir pour le Raid des Ecureuils, Raid des Castors et Raid des Loups<\/span><\/span><br \/>\n-Passeport, billet d\u02bcavion et permis de conduire<br \/>\n-Autorisation de voyage \u00e9lectronique ( A.V.E &#8211; co\u00fbt 7 $ Cad environ 5\u20ac ) \u00e0 faire sur le lien suivant :<br \/>\n<a href=\"http:\/\/www.cic.gc.ca\/francais\/visiter\/ave-commencer.asp\">http:\/\/www.cic.gc.ca\/francais\/visiter\/ave-commencer.asp<\/a><br \/>\n-Lunettes solaires + lunettes de contraste (verre jaune)<br \/>\n-Sous v\u00eatements polaires + chaussettes de ski + tour du cou (qu\u00e8tchua)<br \/>\n-2 ou 3 cagoules moto (possibilit\u00e9 de s\u02bcen procurer \u00e0 la compagnie motoneige)<br \/>\n-Une tenue de ville, une paire de chaussures l\u00e9g\u00e8res (ex: baskets), affaires de toilettes &nbsp;<br \/>\n-Appareil photo &#8211; maillot de bain &#8211; lampe de poche (petite)<br \/>\n-Sacs plastiques de 30 litres (pour prot\u00e9ger le linge au cours du raid ski-doo)<br \/>\n-Dollar (euros en esp\u00e8ces \u00e0 changer \u00e0 Montr\u00e9al)<br \/>\n-Carte bancaire VISA (caution)<br \/>\n-M\u00e9dicaments personnels (pommade, asp\u00e9gic, etc&#8230;) stick l\u00e8vre + niv\u00e9a visage<br \/>\n-Ceinture de reins ( pour ceux qui sont fragiles du dos)<br \/>\n-Gants de ski ou moto (5 doigts pour un pilotage plus pr\u00e9cis de votre motoneige)<\/td>\n<\/tr>\n<tr>\n<td>\n<p style=\"text-align: center;\"><span style=\"text-decoration: underline;\"><span style=\"color: #ff0000; text-decoration: underline;\">Avis<\/span><\/span><br \/>\nL\u02bc\u00e9quipe Montana-Aventure sera pr\u00e9sente sur le terrain pendant toute la dur\u00e9e du s\u00e9jour.<br \/>\nDes guides professionnels et exp\u00e9riment\u00e9s assureront l\u2019encadrement.<br \/>\nPour votre s\u00e9curit\u00e9, il se peut qu\u2019en raison des conditions climatiques nous soyons amen\u00e9s \u00e0 modifier les itin\u00e9raires, et ceci sans pr\u00e9avis.<\/p>\n<\/td>\n<\/tr>\n<tr>\n<td style=\"text-align: center;\"><span style=\"text-decoration: underline;\"><span style=\"color: #ff0000; text-decoration: underline;\">Conseils<\/span><\/span><br \/>\nPar votre carte bancaire, vous \u00eates assur\u00e9s. N\u00e9anmoins, renseignez-vous sur les conditions exactes des prestations de celle-ci et prises en charge. A d\u00e9faut contractez une assurance assistance\/rapatriement.<\/td>\n<\/tr>\n<tr>\n<td style=\"text-align: center;\"><span style=\"text-decoration: underline;\"><span style=\"color: #ff0000; text-decoration: underline;\">Responsabilit\u00e9<\/span><\/span><br \/>\nLa pratique de la motoneige n\u2019est pas sans risques. Chaque participant doit en \u00eatre pleinement conscient. Montana Aventure ne peut \u00eatre tenu responsable des blessures, dommages ou autres inconv\u00e9nients subis au cours du raid.<\/td>\n<\/tr>\n<tr>\n<td style=\"text-align: center;\">\n<p style=\"text-align: left;\">C<strong>ONDITIONS GENERALES DE VENTES<\/strong><\/p>\n<p style=\"text-align: left;\"><span style=\"text-decoration: underline;\"><span style=\"color: #ff0000; text-decoration: underline;\">1. R\u00e9servation et paiement :<br \/>\n<\/span><\/span><\/p>\n<p style=\"text-align: left;\">Pour confirmer votre r\u00e9servation et disponibilit\u00e9s un d\u00e9p\u00f4t de 30% est demand\u00e9.<br \/>\nLe solde &nbsp;de votre s\u00e9jour &nbsp;est payable &nbsp;\u00e0 &nbsp;60 jours avant votre date arriv\u00e9e.<br \/>\nEn cas de retard de paiement , des frais pourraient s\u2019appliquer.<\/p>\n<p style=\"text-align: left;\"><span style=\"text-decoration: underline;\"><span style=\"color: #ff0000; text-decoration: underline;\">2. Annulations :<br \/>\n<\/span><\/span><\/p>\n<p style=\"text-align: left;\"><span style=\"text-decoration: underline;\"><span style=\"color: #ff0000; text-decoration: underline;\">2.1. Annulation par Montana Aventure :<\/span><\/span> Dans l\u2019\u00e9ventualit\u00e9 ou Montana Aventure devrait annuler un forfait, tous les montants vers\u00e9s par le client seront rembours\u00e9s en totalit\u00e9 sans p\u00e9nalit\u00e9s.<\/p>\n<p style=\"text-align: left;\"><span style=\"text-decoration: underline;\"><span style=\"color: #ff0000; text-decoration: underline;\">2.2. Annulation par le client :<\/span><\/span> Nous vous demandons de nous aviser le plus rapidement possible par \u00e9crit dans le cas de l\u2019annulation de votre voyage apr\u00e8s votre confirmation.<\/p>\n<p style=\"text-align: left;\"><span style=\"text-decoration: underline;\"><span style=\"color: #ff0000; text-decoration: underline;\">2.3. P\u00e9nalit\u00e9s d&rsquo;annulation :<\/span><\/span> D\u00e9p\u00f4t et paiement final.<\/p>\n<p style=\"text-align: left;\">\u00b0 Le d\u00e9p\u00f4t de 30% vers\u00e9 au moment de la r\u00e9servation est non remboursable.<br \/>\n\u00b0 En cas d\u2019annulation entre le 30<sup>\u00e8me<\/sup> et le 1<sup>er<\/sup> jour avant le d\u00e9part : aucun remboursement pour le paiement du solde de votre s\u00e9jour.<\/p>\n<\/td>\n<\/tr>\n<\/tbody>\n<\/table>\n","protected":false},"excerpt":{"rendered":"<p>&nbsp; CONDITIONS GENERALES de MONTANA-AVENTURE Inc Saison 2026 &#8211; du 15 janvier au 15 mars &#8211; Tarifs (sous r\u00e9serve du cours du dollar cad) Tous droits r\u00e9serv\u00e9s \u00e0 MONTANA AVENTURE Inc. Toute mise en r\u00e9seau et toute rediffusion, sous quelque forme, m\u00eame partielle, sont interdites. Montana-Aventure se r\u00e9serve le droit de revoir les tarifs en <a href=\"https:\/\/montanaaventure.com\/index.php\/conditions-generale-2020\/\" rel=\"nofollow\"><span class=\"sr-only\">En savoir plus surCONDITIONS GENERALES<\/span>[&#8230;]<\/a><\/p>\n","protected":false},"author":1,"featured_media":0,"parent":0,"menu_order":0,"comment_status":"closed","ping_status":"closed","template":"template-fullwidth.php","meta":{"ngg_post_thumbnail":0,"footnotes":""},"class_list":["post-588","page","type-page","status-publish","hentry"],"yoast_head":"<!-- This site is optimized with the Yoast SEO plugin v27.2 - https:\/\/yoast.com\/product\/yoast-seo-wordpress\/ -->\n<title>CONDITIONS GENERALES - MONTANA AVENTURE<\/title>\n<meta name=\"robots\" content=\"index, follow, max-snippet:-1, max-image-preview:large, max-video-preview:-1\" \/>\n<link rel=\"canonical\" href=\"https:\/\/montanaaventure.com\/index.php\/conditions-generale-2020\/\" \/>\n<meta property=\"og:locale\" content=\"fr_FR\" \/>\n<meta property=\"og:type\" content=\"article\" \/>\n<meta property=\"og:title\" content=\"CONDITIONS GENERALES - MONTANA AVENTURE\" \/>\n<meta property=\"og:description\" content=\"&nbsp; CONDITIONS GENERALES de MONTANA-AVENTURE Inc Saison 2026 &#8211; du 15 janvier au 15 mars &#8211; Tarifs (sous r\u00e9serve du cours du dollar cad) Tous droits r\u00e9serv\u00e9s \u00e0 MONTANA AVENTURE Inc. Toute mise en r\u00e9seau et toute rediffusion, sous quelque forme, m\u00eame partielle, sont interdites. Montana-Aventure se r\u00e9serve le droit de revoir les tarifs en En savoir plus surCONDITIONS GENERALES[...]\" \/>\n<meta property=\"og:url\" content=\"https:\/\/montanaaventure.com\/index.php\/conditions-generale-2020\/\" \/>\n<meta property=\"og:site_name\" content=\"MONTANA AVENTURE\" \/>\n<meta property=\"article:modified_time\" content=\"2025-08-14T13:22:27+00:00\" \/>\n<meta property=\"og:image\" content=\"http:\/\/montanaaventure.com\/wp-content\/uploads\/2017\/05\/image6351-300x187.jpg\" \/>\n<meta name=\"twitter:card\" content=\"summary_large_image\" \/>\n<meta name=\"twitter:label1\" content=\"Dur\u00e9e de lecture estim\u00e9e\" \/>\n\t<meta name=\"twitter:data1\" content=\"6 minutes\" \/>\n<script type=\"application\/ld+json\" class=\"yoast-schema-graph\">{\"@context\":\"https:\/\/schema.org\",\"@graph\":[{\"@type\":\"WebPage\",\"@id\":\"https:\/\/montanaaventure.com\/index.php\/conditions-generale-2020\/\",\"url\":\"https:\/\/montanaaventure.com\/index.php\/conditions-generale-2020\/\",\"name\":\"CONDITIONS GENERALES - MONTANA AVENTURE\",\"isPartOf\":{\"@id\":\"https:\/\/montanaaventure.com\/#website\"},\"primaryImageOfPage\":{\"@id\":\"https:\/\/montanaaventure.com\/index.php\/conditions-generale-2020\/#primaryimage\"},\"image\":{\"@id\":\"https:\/\/montanaaventure.com\/index.php\/conditions-generale-2020\/#primaryimage\"},\"thumbnailUrl\":\"http:\/\/montanaaventure.com\/wp-content\/uploads\/2017\/05\/image6351-300x187.jpg\",\"datePublished\":\"2017-05-07T21:29:00+00:00\",\"dateModified\":\"2025-08-14T13:22:27+00:00\",\"breadcrumb\":{\"@id\":\"https:\/\/montanaaventure.com\/index.php\/conditions-generale-2020\/#breadcrumb\"},\"inLanguage\":\"fr-FR\",\"potentialAction\":[{\"@type\":\"ReadAction\",\"target\":[\"https:\/\/montanaaventure.com\/index.php\/conditions-generale-2020\/\"]}]},{\"@type\":\"ImageObject\",\"inLanguage\":\"fr-FR\",\"@id\":\"https:\/\/montanaaventure.com\/index.php\/conditions-generale-2020\/#primaryimage\",\"url\":\"http:\/\/montanaaventure.com\/wp-content\/uploads\/2017\/05\/image6351-300x187.jpg\",\"contentUrl\":\"http:\/\/montanaaventure.com\/wp-content\/uploads\/2017\/05\/image6351-300x187.jpg\"},{\"@type\":\"BreadcrumbList\",\"@id\":\"https:\/\/montanaaventure.com\/index.php\/conditions-generale-2020\/#breadcrumb\",\"itemListElement\":[{\"@type\":\"ListItem\",\"position\":1,\"name\":\"Accueil\",\"item\":\"https:\/\/montanaaventure.com\/\"},{\"@type\":\"ListItem\",\"position\":2,\"name\":\"CONDITIONS GENERALES\"}]},{\"@type\":\"WebSite\",\"@id\":\"https:\/\/montanaaventure.com\/#website\",\"url\":\"https:\/\/montanaaventure.com\/\",\"name\":\"MONTANA AVENTURE\",\"description\":\"RAID MOTONEIGE EN REGION SAUVAGE\",\"potentialAction\":[{\"@type\":\"SearchAction\",\"target\":{\"@type\":\"EntryPoint\",\"urlTemplate\":\"https:\/\/montanaaventure.com\/?s={search_term_string}\"},\"query-input\":{\"@type\":\"PropertyValueSpecification\",\"valueRequired\":true,\"valueName\":\"search_term_string\"}}],\"inLanguage\":\"fr-FR\"}]}<\/script>\n<!-- \/ Yoast SEO plugin. -->","yoast_head_json":{"title":"CONDITIONS GENERALES - MONTANA AVENTURE","robots":{"index":"index","follow":"follow","max-snippet":"max-snippet:-1","max-image-preview":"max-image-preview:large","max-video-preview":"max-video-preview:-1"},"canonical":"https:\/\/montanaaventure.com\/index.php\/conditions-generale-2020\/","og_locale":"fr_FR","og_type":"article","og_title":"CONDITIONS GENERALES - MONTANA AVENTURE","og_description":"&nbsp; CONDITIONS GENERALES de MONTANA-AVENTURE Inc Saison 2026 &#8211; du 15 janvier au 15 mars &#8211; Tarifs (sous r\u00e9serve du cours du dollar cad) Tous droits r\u00e9serv\u00e9s \u00e0 MONTANA AVENTURE Inc. Toute mise en r\u00e9seau et toute rediffusion, sous quelque forme, m\u00eame partielle, sont interdites. Montana-Aventure se r\u00e9serve le droit de revoir les tarifs en En savoir plus surCONDITIONS GENERALES[...]","og_url":"https:\/\/montanaaventure.com\/index.php\/conditions-generale-2020\/","og_site_name":"MONTANA AVENTURE","article_modified_time":"2025-08-14T13:22:27+00:00","og_image":[{"url":"http:\/\/montanaaventure.com\/wp-content\/uploads\/2017\/05\/image6351-300x187.jpg","type":"","width":"","height":""}],"twitter_card":"summary_large_image","twitter_misc":{"Dur\u00e9e de lecture estim\u00e9e":"6 minutes"},"schema":{"@context":"https:\/\/schema.org","@graph":[{"@type":"WebPage","@id":"https:\/\/montanaaventure.com\/index.php\/conditions-generale-2020\/","url":"https:\/\/montanaaventure.com\/index.php\/conditions-generale-2020\/","name":"CONDITIONS GENERALES - MONTANA AVENTURE","isPartOf":{"@id":"https:\/\/montanaaventure.com\/#website"},"primaryImageOfPage":{"@id":"https:\/\/montanaaventure.com\/index.php\/conditions-generale-2020\/#primaryimage"},"image":{"@id":"https:\/\/montanaaventure.com\/index.php\/conditions-generale-2020\/#primaryimage"},"thumbnailUrl":"http:\/\/montanaaventure.com\/wp-content\/uploads\/2017\/05\/image6351-300x187.jpg","datePublished":"2017-05-07T21:29:00+00:00","dateModified":"2025-08-14T13:22:27+00:00","breadcrumb":{"@id":"https:\/\/montanaaventure.com\/index.php\/conditions-generale-2020\/#breadcrumb"},"inLanguage":"fr-FR","potentialAction":[{"@type":"ReadAction","target":["https:\/\/montanaaventure.com\/index.php\/conditions-generale-2020\/"]}]},{"@type":"ImageObject","inLanguage":"fr-FR","@id":"https:\/\/montanaaventure.com\/index.php\/conditions-generale-2020\/#primaryimage","url":"http:\/\/montanaaventure.com\/wp-content\/uploads\/2017\/05\/image6351-300x187.jpg","contentUrl":"http:\/\/montanaaventure.com\/wp-content\/uploads\/2017\/05\/image6351-300x187.jpg"},{"@type":"BreadcrumbList","@id":"https:\/\/montanaaventure.com\/index.php\/conditions-generale-2020\/#breadcrumb","itemListElement":[{"@type":"ListItem","position":1,"name":"Accueil","item":"https:\/\/montanaaventure.com\/"},{"@type":"ListItem","position":2,"name":"CONDITIONS GENERALES"}]},{"@type":"WebSite","@id":"https:\/\/montanaaventure.com\/#website","url":"https:\/\/montanaaventure.com\/","name":"MONTANA AVENTURE","description":"RAID MOTONEIGE EN REGION SAUVAGE","potentialAction":[{"@type":"SearchAction","target":{"@type":"EntryPoint","urlTemplate":"https:\/\/montanaaventure.com\/?s={search_term_string}"},"query-input":{"@type":"PropertyValueSpecification","valueRequired":true,"valueName":"search_term_string"}}],"inLanguage":"fr-FR"}]}},"_links":{"self":[{"href":"https:\/\/montanaaventure.com\/index.php\/wp-json\/wp\/v2\/pages\/588","targetHints":{"allow":["GET"]}}],"collection":[{"href":"https:\/\/montanaaventure.com\/index.php\/wp-json\/wp\/v2\/pages"}],"about":[{"href":"https:\/\/montanaaventure.com\/index.php\/wp-json\/wp\/v2\/types\/page"}],"author":[{"embeddable":true,"href":"https:\/\/montanaaventure.com\/index.php\/wp-json\/wp\/v2\/users\/1"}],"replies":[{"embeddable":true,"href":"https:\/\/montanaaventure.com\/index.php\/wp-json\/wp\/v2\/comments?post=588"}],"version-history":[{"count":29,"href":"https:\/\/montanaaventure.com\/index.php\/wp-json\/wp\/v2\/pages\/588\/revisions"}],"predecessor-version":[{"id":1204,"href":"https:\/\/montanaaventure.com\/index.php\/wp-json\/wp\/v2\/pages\/588\/revisions\/1204"}],"wp:attachment":[{"href":"https:\/\/montanaaventure.com\/index.php\/wp-json\/wp\/v2\/media?parent=588"}],"curies":[{"name":"wp","href":"https:\/\/api.w.org\/{rel}","templated":true}]}}