{"id":583,"date":"2017-05-07T23:16:36","date_gmt":"2017-05-07T21:16:36","guid":{"rendered":"http:\/\/montanaaventure.com\/?page_id=583"},"modified":"2025-08-14T15:28:01","modified_gmt":"2025-08-14T13:28:01","slug":"le-mot-du-guide-2018","status":"publish","type":"page","link":"https:\/\/montanaaventure.com\/index.php\/le-mot-du-guide-2018\/","title":{"rendered":"LE MOT DU GUIDE"},"content":{"rendered":"<p>&nbsp;<\/p>\n<table>\n<tbody>\n<tr>\n<td><span style=\"text-decoration: underline;\"><span style=\"color: #ff0000; text-decoration: underline;\">Les questions les plus couramment pos\u00e9es<\/span><\/span><br \/>\nQuel Raid choisir ?<br \/>\nQuelques petites r\u00e9ponses qui je pense, avec mon exp\u00e9rience de guide motoneige depuis vingt ann\u00e9es, vous aideront \u00e0 bien choisir votre raid.<br \/>\nTout d&rsquo;abord il faut choisir son package, en fonction de son niveau et de sa condition physique :<br \/>\n<span style=\"text-decoration: underline;\"><span style=\"color: #ff0000; text-decoration: underline;\">Raid des \u00e9cureuils ou castors<\/span><\/span><br \/>\nConseill\u00e9 pour une premi\u00e8re d\u00e9couverte du canada et de la motoneige<br \/>\n<span style=\"text-decoration: underline;\"><span style=\"color: #ff0000; text-decoration: underline;\">Raid des loups<\/span><\/span><br \/>\nConseill\u00e9 aux plus exp\u00e9riment\u00e9s, aux amateurs de quads, aux motards. C&rsquo;est un raid de plus de mille kilom\u00e8tres en r\u00e9gion Nord Qu\u00e9bec.<br \/>\n<span style=\"text-decoration: underline;\"><span style=\"color: #ff0000; text-decoration: underline;\">Raid des loups blancs<\/span><\/span><br \/>\nConseill\u00e9 aux motoneigistes. Niveau sportif (escapade de 6 jours de motoneiges avec \u00e9tapes hors sentiers). C&rsquo;est un parcours de plus de mille deux cents kilom\u00e8tres en r\u00e9gion sauvage.<br \/>\n<span style=\"text-decoration: underline;\"><span style=\"color: #ff0000; text-decoration: underline;\">Raid \u00e0 la carte<\/span><\/span><br \/>\nVous envisagez de former votre propre groupe ? Pour cela, il faudra un minimum de sept motoneiges pour trois jours de raid ou plus. Convient aux groupes d\u2019amis et \/ ou aux couples.<br \/>\n<span style=\"text-decoration: underline;\"><span style=\"color: #ff0000; text-decoration: underline;\">Quelle est la bonne p\u00e9riode ?&nbsp;&nbsp;<\/span><\/span> &nbsp;<br \/>\nDu 15 janvier au 15 mars, pour une bonne qualit\u00e9 et une abondance de neige. Pendant cette p\u00e9riode, on peut \u00eatre s\u00fbr que tous les sentiers sont ouverts. En janvier, il fait tr\u00e8s froid mais les \u00e9quipements sont adapt\u00e9s au climat.<br \/>\nEn f\u00e9vrier, le temps est un peu plus doux, mais il y a plus de monde.<br \/>\nFin f\u00e9vrier, d\u00e9but mars, les journ\u00e9es se rallongent. C&rsquo;est l&rsquo;hiver canadien, sans le grand froid.<br \/>\n<span style=\"text-decoration: underline;\"><span style=\"color: #ff0000; text-decoration: underline;\">Quand r\u00e9server votre raid motoneige au canada ???<\/span><\/span><br \/>\nPour b\u00e9n\u00e9ficier de bons prix pour les billets d&rsquo;avion, il faut s&rsquo;y prendre assez t\u00f4t. Souvent les meilleurs tarifs sortent en septembre. Plus on s&rsquo;approche de la date de d\u00e9part, plus le prix du transport a\u00e9rien peut augmenter.<\/td>\n<\/tr>\n<\/tbody>\n<\/table>\n<table>\n<tbody>\n<tr>\n<td>Mod\u00e8le motoneige Renegade mis \u00e0 disposition par Montana Aventure. (Photos non contractuelles)<\/td>\n<\/tr>\n<\/tbody>\n<\/table>\n<table>\n<tbody>\n<tr>\n<td><img loading=\"lazy\" decoding=\"async\" class=\"alignnone size-full wp-image-445\" src=\"https:\/\/montanaaventure.com\/wp-content\/uploads\/2017\/05\/image893.jpg\" alt=\"\" width=\"141\" height=\"98\"><\/td>\n<td><img loading=\"lazy\" decoding=\"async\" class=\"alignnone size-full wp-image-269\" src=\"https:\/\/montanaaventure.com\/wp-content\/uploads\/2017\/05\/image900.png\" alt=\"\" width=\"146\" height=\"103\"><\/td>\n<td><img loading=\"lazy\" decoding=\"async\" class=\"alignnone size-full wp-image-444\" src=\"https:\/\/montanaaventure.com\/wp-content\/uploads\/2017\/05\/image891.jpg\" alt=\"\" width=\"139\" height=\"101\"><\/td>\n<td><img loading=\"lazy\" decoding=\"async\" class=\"alignnone size-full wp-image-446\" src=\"https:\/\/montanaaventure.com\/wp-content\/uploads\/2017\/05\/image898.jpg\" alt=\"\" width=\"134\" height=\"92\"><\/td>\n<\/tr>\n<\/tbody>\n<\/table>\n<table>\n<tbody>\n<tr>\n<td>600 E-Tec X (120 hp)<\/td>\n<td>900 ACE Turbo Adr\u00e9naline (130hp)<\/td>\n<td>&nbsp;<\/td>\n<td>1200 cc X (130hp)<\/td>\n<\/tr>\n<\/tbody>\n<\/table>\n<table>\n<tbody>\n<tr>\n<td>Je reste bien entendu \u00e0 votre disposition (06.27.79.30.60 ou par mail : montanaaventure@gmail.com) pour toutes autres questions ou tous renseignements, afin que cette belle aventure au c\u0153ur des grands espaces canadiens reste un souvenir inoubliable.<br \/>\nA tr\u00e8s bient\u00f4t&#8230;mes Chums ! Cordialement, Jeannot.<\/td>\n<\/tr>\n<\/tbody>\n<\/table>\n<table>\n<tbody>\n<tr>\n<td><img loading=\"lazy\" decoding=\"async\" class=\"size-medium wp-image-379 aligncenter\" src=\"https:\/\/montanaaventure.com\/wp-content\/uploads\/2017\/05\/image651-300x126.jpg\" alt=\"\" width=\"300\" height=\"126\" srcset=\"https:\/\/montanaaventure.com\/wp-content\/uploads\/2017\/05\/image651-300x126.jpg 300w, https:\/\/montanaaventure.com\/wp-content\/uploads\/2017\/05\/image651.jpg 501w\" sizes=\"auto, (max-width: 300px) 100vw, 300px\" \/><\/td>\n<\/tr>\n<\/tbody>\n<\/table>\n<table>\n<tbody>\n<tr>\n<td>\n<p style=\"text-align: center;\">Venez rejoindre <span style=\"text-decoration: underline;\">MONTANA AVENTURE<\/span> si vous avez envie d\u2019un Raid Motoneige personnalis\u00e9 o\u00f9<br \/>\nAventure et Nature s\u2019harmonisent \u00e0 travers un d\u00e9paysement sur mesure.<br \/>\nAvec ses <span style=\"text-decoration: underline;\">30 ans d\u2019exp\u00e9rience et plus de 150 000km en motoneige<\/span> en mettant <span style=\"text-decoration: underline;\">l\u2019accent sur la qualit\u00e9 du mat\u00e9riel fourni \u00ab&nbsp;Motoneiges mill\u00e9sim\u00e9es\u00bb, Montana Aventure<\/span> a su mettre en place des programmes personnalis\u00e9s pour vous.<br \/>\nD\u00e9butant ou expert, encadr\u00e9 par <span style=\"text-decoration: underline;\">un guide exp\u00e9riment\u00e9 (Jeannot)<\/span>, Montana Aventure vous permettra de vivre une exp\u00e9rience exaltante au c\u0153ur de plusieurs r\u00e9gions entre lacs gel\u00e9s et nature sauvage et vous proposera <span style=\"text-decoration: underline;\">une diversit\u00e9 d\u2019h\u00e9bergement pour votre confort<\/span>.<\/p>\n<p>Participer \u00e0 un Raid Blanc de Montana Aventure c\u2019est de l\u2019adr\u00e9naline assur\u00e9e o\u00f9 aventure, d\u00e9couverte et sensations fortes sont au rendez-vous.<br \/>\nDe plus, venir au Qu\u00e9bec, c\u2019est du plaisir garanti avec la d\u00e9couverte de Montr\u00e9al, la m\u00e9tropole francophone, ville la plus excitante du Canada o\u00f9 l\u2019on peut magasiner sur des kilom\u00e8tres de boutiques souterraines. C\u2019est aussi la possibilit\u00e9 de visiter la somptueuse ville de Qu\u00e9bec riche en histoire*.<\/p>\n<p>&nbsp;<\/p>\n<p style=\"text-align: right;\">* avec suppl\u00e9ment<\/p>\n<\/td>\n<\/tr>\n<tr>\n<td style=\"text-align: center;\">VENEZ PARTAGER NOTRE PASSION<\/td>\n<\/tr>\n<\/tbody>\n<\/table>\n<div style=\"display: flex;\"><img loading=\"lazy\" decoding=\"async\" class=\"\" src=\"https:\/\/montanaaventure.com\/wp-content\/uploads\/Catalogue-2018.pub_page-0001.jpg\" alt=\"\" width=\"558\" height=\"847\"><br \/>\n<img decoding=\"async\" style=\"width: 50%; margin-left: 20px;\" src=\"https:\/\/montanaaventure.com\/wp-content\/uploads\/p19.jpg\" alt=\"\"><\/div>\n<p>&nbsp;<\/p>\n<p style=\"text-align: center;\">Une bonne humeur, une excellente forme physique et un bon esprit d&rsquo;\u00e9quipe<br \/>\nsont indispensables \u00e0 la bonne r\u00e9ussite d&rsquo;un Raid motoneige.<\/p>\n<p><img loading=\"lazy\" decoding=\"async\" class=\"aligncenter size-full wp-image-982\" src=\"https:\/\/montanaaventure.com\/wp-content\/uploads\/p24.jpg\" alt=\"\" width=\"632\" height=\"761\" srcset=\"https:\/\/montanaaventure.com\/wp-content\/uploads\/p24.jpg 632w, https:\/\/montanaaventure.com\/wp-content\/uploads\/p24-249x300.jpg 249w\" sizes=\"auto, (max-width: 632px) 100vw, 632px\" \/><\/p>\n<p><img loading=\"lazy\" decoding=\"async\" class=\"aligncenter size-full wp-image-998\" src=\"https:\/\/montanaaventure.com\/wp-content\/uploads\/p24a.jpg\" alt=\"\" width=\"1160\" height=\"76\" srcset=\"https:\/\/montanaaventure.com\/wp-content\/uploads\/p24a.jpg 1160w, https:\/\/montanaaventure.com\/wp-content\/uploads\/p24a-300x20.jpg 300w, https:\/\/montanaaventure.com\/wp-content\/uploads\/p24a-768x50.jpg 768w, https:\/\/montanaaventure.com\/wp-content\/uploads\/p24a-1024x67.jpg 1024w\" sizes=\"auto, (max-width: 1160px) 100vw, 1160px\" \/><\/p>\n<p style=\"text-align: center;\">5739, Avenue Blossom C\u00f4te-Saint-Luc Qu\u00e9bec &#8211; H4W 2T2 &#8211; Canada<\/p>\n<p style=\"text-align: center;\">Tous droits r\u00e9serv\u00e9s \u00e0 Montana Aventure Inc. &#8211; Reproduction interdite<\/p>\n","protected":false},"excerpt":{"rendered":"<p>&nbsp; Les questions les plus couramment pos\u00e9es Quel Raid choisir ? Quelques petites r\u00e9ponses qui je pense, avec mon exp\u00e9rience de guide motoneige depuis vingt ann\u00e9es, vous aideront \u00e0 bien choisir votre raid. Tout d&rsquo;abord il faut choisir son package, en fonction de son niveau et de sa condition physique : Raid des \u00e9cureuils ou <a href=\"https:\/\/montanaaventure.com\/index.php\/le-mot-du-guide-2018\/\" rel=\"nofollow\"><span class=\"sr-only\">En savoir plus surLE MOT DU GUIDE<\/span>[&#8230;]<\/a><\/p>\n","protected":false},"author":1,"featured_media":0,"parent":0,"menu_order":0,"comment_status":"closed","ping_status":"closed","template":"template-fullwidth.php","meta":{"ngg_post_thumbnail":0,"footnotes":""},"class_list":["post-583","page","type-page","status-publish","hentry"],"yoast_head":"<!-- This site is optimized with the Yoast SEO plugin v27.2 - https:\/\/yoast.com\/product\/yoast-seo-wordpress\/ -->\n<title>LE MOT DU GUIDE - MONTANA AVENTURE<\/title>\n<meta name=\"robots\" content=\"index, follow, max-snippet:-1, max-image-preview:large, max-video-preview:-1\" \/>\n<link rel=\"canonical\" href=\"https:\/\/montanaaventure.com\/index.php\/le-mot-du-guide-2018\/\" \/>\n<meta property=\"og:locale\" content=\"fr_FR\" \/>\n<meta property=\"og:type\" content=\"article\" \/>\n<meta property=\"og:title\" content=\"LE MOT DU GUIDE - MONTANA AVENTURE\" \/>\n<meta property=\"og:description\" content=\"&nbsp; Les questions les plus couramment pos\u00e9es Quel Raid choisir ? Quelques petites r\u00e9ponses qui je pense, avec mon exp\u00e9rience de guide motoneige depuis vingt ann\u00e9es, vous aideront \u00e0 bien choisir votre raid. Tout d&rsquo;abord il faut choisir son package, en fonction de son niveau et de sa condition physique : Raid des \u00e9cureuils ou En savoir plus surLE MOT DU GUIDE[...]\" \/>\n<meta property=\"og:url\" content=\"https:\/\/montanaaventure.com\/index.php\/le-mot-du-guide-2018\/\" \/>\n<meta property=\"og:site_name\" content=\"MONTANA AVENTURE\" \/>\n<meta property=\"article:modified_time\" content=\"2025-08-14T13:28:01+00:00\" \/>\n<meta property=\"og:image\" content=\"http:\/\/montanaaventure.com\/wp-content\/uploads\/2017\/05\/image893.jpg\" \/>\n<meta name=\"twitter:card\" content=\"summary_large_image\" \/>\n<meta name=\"twitter:label1\" content=\"Dur\u00e9e de lecture estim\u00e9e\" \/>\n\t<meta name=\"twitter:data1\" content=\"5 minutes\" \/>\n<script type=\"application\/ld+json\" class=\"yoast-schema-graph\">{\"@context\":\"https:\/\/schema.org\",\"@graph\":[{\"@type\":\"WebPage\",\"@id\":\"https:\/\/montanaaventure.com\/index.php\/le-mot-du-guide-2018\/\",\"url\":\"https:\/\/montanaaventure.com\/index.php\/le-mot-du-guide-2018\/\",\"name\":\"LE MOT DU GUIDE - MONTANA AVENTURE\",\"isPartOf\":{\"@id\":\"https:\/\/montanaaventure.com\/#website\"},\"primaryImageOfPage\":{\"@id\":\"https:\/\/montanaaventure.com\/index.php\/le-mot-du-guide-2018\/#primaryimage\"},\"image\":{\"@id\":\"https:\/\/montanaaventure.com\/index.php\/le-mot-du-guide-2018\/#primaryimage\"},\"thumbnailUrl\":\"http:\/\/montanaaventure.com\/wp-content\/uploads\/2017\/05\/image893.jpg\",\"datePublished\":\"2017-05-07T21:16:36+00:00\",\"dateModified\":\"2025-08-14T13:28:01+00:00\",\"breadcrumb\":{\"@id\":\"https:\/\/montanaaventure.com\/index.php\/le-mot-du-guide-2018\/#breadcrumb\"},\"inLanguage\":\"fr-FR\",\"potentialAction\":[{\"@type\":\"ReadAction\",\"target\":[\"https:\/\/montanaaventure.com\/index.php\/le-mot-du-guide-2018\/\"]}]},{\"@type\":\"ImageObject\",\"inLanguage\":\"fr-FR\",\"@id\":\"https:\/\/montanaaventure.com\/index.php\/le-mot-du-guide-2018\/#primaryimage\",\"url\":\"http:\/\/montanaaventure.com\/wp-content\/uploads\/2017\/05\/image893.jpg\",\"contentUrl\":\"http:\/\/montanaaventure.com\/wp-content\/uploads\/2017\/05\/image893.jpg\"},{\"@type\":\"BreadcrumbList\",\"@id\":\"https:\/\/montanaaventure.com\/index.php\/le-mot-du-guide-2018\/#breadcrumb\",\"itemListElement\":[{\"@type\":\"ListItem\",\"position\":1,\"name\":\"Accueil\",\"item\":\"https:\/\/montanaaventure.com\/\"},{\"@type\":\"ListItem\",\"position\":2,\"name\":\"LE MOT DU GUIDE\"}]},{\"@type\":\"WebSite\",\"@id\":\"https:\/\/montanaaventure.com\/#website\",\"url\":\"https:\/\/montanaaventure.com\/\",\"name\":\"MONTANA AVENTURE\",\"description\":\"RAID MOTONEIGE EN REGION SAUVAGE\",\"potentialAction\":[{\"@type\":\"SearchAction\",\"target\":{\"@type\":\"EntryPoint\",\"urlTemplate\":\"https:\/\/montanaaventure.com\/?s={search_term_string}\"},\"query-input\":{\"@type\":\"PropertyValueSpecification\",\"valueRequired\":true,\"valueName\":\"search_term_string\"}}],\"inLanguage\":\"fr-FR\"}]}<\/script>\n<!-- \/ Yoast SEO plugin. -->","yoast_head_json":{"title":"LE MOT DU GUIDE - MONTANA AVENTURE","robots":{"index":"index","follow":"follow","max-snippet":"max-snippet:-1","max-image-preview":"max-image-preview:large","max-video-preview":"max-video-preview:-1"},"canonical":"https:\/\/montanaaventure.com\/index.php\/le-mot-du-guide-2018\/","og_locale":"fr_FR","og_type":"article","og_title":"LE MOT DU GUIDE - MONTANA AVENTURE","og_description":"&nbsp; Les questions les plus couramment pos\u00e9es Quel Raid choisir ? Quelques petites r\u00e9ponses qui je pense, avec mon exp\u00e9rience de guide motoneige depuis vingt ann\u00e9es, vous aideront \u00e0 bien choisir votre raid. Tout d&rsquo;abord il faut choisir son package, en fonction de son niveau et de sa condition physique : Raid des \u00e9cureuils ou En savoir plus surLE MOT DU GUIDE[...]","og_url":"https:\/\/montanaaventure.com\/index.php\/le-mot-du-guide-2018\/","og_site_name":"MONTANA AVENTURE","article_modified_time":"2025-08-14T13:28:01+00:00","og_image":[{"url":"http:\/\/montanaaventure.com\/wp-content\/uploads\/2017\/05\/image893.jpg","type":"","width":"","height":""}],"twitter_card":"summary_large_image","twitter_misc":{"Dur\u00e9e de lecture estim\u00e9e":"5 minutes"},"schema":{"@context":"https:\/\/schema.org","@graph":[{"@type":"WebPage","@id":"https:\/\/montanaaventure.com\/index.php\/le-mot-du-guide-2018\/","url":"https:\/\/montanaaventure.com\/index.php\/le-mot-du-guide-2018\/","name":"LE MOT DU GUIDE - MONTANA AVENTURE","isPartOf":{"@id":"https:\/\/montanaaventure.com\/#website"},"primaryImageOfPage":{"@id":"https:\/\/montanaaventure.com\/index.php\/le-mot-du-guide-2018\/#primaryimage"},"image":{"@id":"https:\/\/montanaaventure.com\/index.php\/le-mot-du-guide-2018\/#primaryimage"},"thumbnailUrl":"http:\/\/montanaaventure.com\/wp-content\/uploads\/2017\/05\/image893.jpg","datePublished":"2017-05-07T21:16:36+00:00","dateModified":"2025-08-14T13:28:01+00:00","breadcrumb":{"@id":"https:\/\/montanaaventure.com\/index.php\/le-mot-du-guide-2018\/#breadcrumb"},"inLanguage":"fr-FR","potentialAction":[{"@type":"ReadAction","target":["https:\/\/montanaaventure.com\/index.php\/le-mot-du-guide-2018\/"]}]},{"@type":"ImageObject","inLanguage":"fr-FR","@id":"https:\/\/montanaaventure.com\/index.php\/le-mot-du-guide-2018\/#primaryimage","url":"http:\/\/montanaaventure.com\/wp-content\/uploads\/2017\/05\/image893.jpg","contentUrl":"http:\/\/montanaaventure.com\/wp-content\/uploads\/2017\/05\/image893.jpg"},{"@type":"BreadcrumbList","@id":"https:\/\/montanaaventure.com\/index.php\/le-mot-du-guide-2018\/#breadcrumb","itemListElement":[{"@type":"ListItem","position":1,"name":"Accueil","item":"https:\/\/montanaaventure.com\/"},{"@type":"ListItem","position":2,"name":"LE MOT DU GUIDE"}]},{"@type":"WebSite","@id":"https:\/\/montanaaventure.com\/#website","url":"https:\/\/montanaaventure.com\/","name":"MONTANA AVENTURE","description":"RAID MOTONEIGE EN REGION SAUVAGE","potentialAction":[{"@type":"SearchAction","target":{"@type":"EntryPoint","urlTemplate":"https:\/\/montanaaventure.com\/?s={search_term_string}"},"query-input":{"@type":"PropertyValueSpecification","valueRequired":true,"valueName":"search_term_string"}}],"inLanguage":"fr-FR"}]}},"_links":{"self":[{"href":"https:\/\/montanaaventure.com\/index.php\/wp-json\/wp\/v2\/pages\/583","targetHints":{"allow":["GET"]}}],"collection":[{"href":"https:\/\/montanaaventure.com\/index.php\/wp-json\/wp\/v2\/pages"}],"about":[{"href":"https:\/\/montanaaventure.com\/index.php\/wp-json\/wp\/v2\/types\/page"}],"author":[{"embeddable":true,"href":"https:\/\/montanaaventure.com\/index.php\/wp-json\/wp\/v2\/users\/1"}],"replies":[{"embeddable":true,"href":"https:\/\/montanaaventure.com\/index.php\/wp-json\/wp\/v2\/comments?post=583"}],"version-history":[{"count":18,"href":"https:\/\/montanaaventure.com\/index.php\/wp-json\/wp\/v2\/pages\/583\/revisions"}],"predecessor-version":[{"id":1211,"href":"https:\/\/montanaaventure.com\/index.php\/wp-json\/wp\/v2\/pages\/583\/revisions\/1211"}],"wp:attachment":[{"href":"https:\/\/montanaaventure.com\/index.php\/wp-json\/wp\/v2\/media?parent=583"}],"curies":[{"name":"wp","href":"https:\/\/api.w.org\/{rel}","templated":true}]}}