{"id":573,"date":"2017-05-07T23:02:09","date_gmt":"2017-05-07T21:02:09","guid":{"rendered":"http:\/\/montanaaventure.com\/?page_id=573"},"modified":"2024-09-18T13:39:54","modified_gmt":"2024-09-18T11:39:54","slug":"raid-loups-blancs-2020","status":"publish","type":"page","link":"https:\/\/montanaaventure.com\/index.php\/raid-loups-blancs-2020\/","title":{"rendered":"RAID DES LOUPS BLANCS"},"content":{"rendered":"<p>&nbsp;<\/p>\n<h1><span style=\"color: #ff0000;\">MONTANA AVENTURE <img loading=\"lazy\" decoding=\"async\" class=\"alignnone size-full wp-image-401\" src=\"https:\/\/montanaaventure.com\/wp-content\/uploads\/2017\/05\/image726.jpg\" alt=\"\" width=\"125\" height=\"113\"><\/span><span style=\"color: #ff0000;\">RAID DES LOUPS BLANCS (niveau sportif)<br \/>\n<\/span><\/h1>\n<p>&nbsp;<\/p>\n<table>\n<tbody>\n<tr>\n<td style=\"width: 75%; vertical-align: middle;\"><span style=\"text-decoration: underline;\"><span style=\"color: #ff0000; text-decoration: underline;\">J.1 VENDREDI<\/span><\/span><br \/>\nD\u00e9part Frankfurt (ou Roissy ou autre) vol r\u00e9gulier destination Montr\u00e9al. Accueil personnalis\u00e9 transfert vers Saint Michel des Saints, en passant par le centre ville de Montr\u00e9al. Arriv\u00e9e \u00e0 l&rsquo;h\u00f4tel le Vieux Moulin \u00e0 Scie pour cette premi\u00e8re nuit\u00e9e&#8230;<\/td>\n<td style=\"width: 25%;\"><img loading=\"lazy\" decoding=\"async\" class=\"wp-image-404 alignright\" src=\"https:\/\/montanaaventure.com\/wp-content\/uploads\/Capture2-1.png\" alt=\"\" width=\"164\" height=\"200\"><\/td>\n<\/tr>\n<\/tbody>\n<\/table>\n<table>\n<tbody>\n<tr>\n<td style=\"width: 25%;\"><img loading=\"lazy\" decoding=\"async\" class=\"alignnone wp-image-439\" src=\"https:\/\/montanaaventure.com\/wp-content\/uploads\/Capture1-1.png\" alt=\"\" width=\"187\" height=\"200\"><\/td>\n<td style=\"width: 75%; vertical-align: middle;\"><span style=\"text-decoration: underline;\"><span style=\"color: #ff0000; text-decoration: underline;\">J.2 SAMEDI<\/span><\/span><br \/>\nApr\u00e8s&nbsp; une nuit&nbsp; de sommeil&nbsp; r\u00e9parateur et un bon petit d\u00e9jeuner, petit&nbsp; briefing (r\u00e8gles de s\u00e9curit\u00e9 et de conduite). Vous pr\u00e9parez votre&nbsp;&nbsp; paquetage pour les six jours de raid. Le compl\u00e9ment de vos affaires restera au motel. Prises en compte de vos machines et de vos \u00e9quipements grand froid puis signatures des contrats&#8230; C&rsquo;est le d\u00e9part pour six jours de raid,&nbsp;&nbsp; traverser&nbsp; du lac Taureau, sentier 33 Nord et d\u00e9jeuner au lac du repos.<br \/>\nArriv\u00e9e en fin de journ\u00e9e \u00e0 la pourvoirie des \u00ab\u00a0Cent lacs\u2019\u2019 pour cette premi\u00e8re soir\u00e9e \u00e9tape.<\/td>\n<\/tr>\n<\/tbody>\n<\/table>\n<table>\n<tbody>\n<tr>\n<td style=\"width: 75%; vertical-align: middle;\"><span style=\"text-decoration: underline;\"><span style=\"color: #ff0000; text-decoration: underline;\">J.3 DIMANCHE<\/span><\/span><br \/>\nR\u00e9veil matinal pour un bon petit d\u00e9jeuner et&nbsp; c&rsquo;est reparti vers l&rsquo;ouest. D\u00e9jeuner \u00e0 la pourvoirie \u2018\u2019Mekoos\u2019\u2019 puis direction Nord pour arriv\u00e9e en fin de journ\u00e9e au club \u2018\u2019Notawassi\u2019\u2019 au bord du lac pour cette deuxi\u00e8me soir\u00e9e \u00e9tape.<\/td>\n<td style=\"width: 25%;\"><img loading=\"lazy\" decoding=\"async\" class=\"wp-image-441 alignright\" src=\"https:\/\/montanaaventure.com\/wp-content\/uploads\/2017\/05\/image883.jpg\" alt=\"\" width=\"301\" height=\"200\"><\/td>\n<\/tr>\n<\/tbody>\n<\/table>\n<table>\n<tbody>\n<tr>\n<td><span style=\"text-decoration: underline;\"><span style=\"color: #ff0000; text-decoration: underline;\">J.4 LUNDI<\/span><\/span><br \/>\nCap plein Nord&#8230;go!!! go!!! Direction l\u2019Abitidi jusqu\u2019au petit village de \u2018\u2019Parent\u2019\u2019 pour une pause d\u00e9jeuner. C\u2019est en fin de journ\u00e9e que nous passerons la deuxi\u00e8me soir\u00e9e \u00e9tape au barrage \u2018\u2019Gouin\u2019\u2019.<\/td>\n<\/tr>\n<\/tbody>\n<\/table>\n<table>\n<tbody>\n<tr>\n<td style=\"width: 75%; vertical-align: middle;\"><span style=\"text-decoration: underline;\"><span style=\"color: #ff0000; text-decoration: underline;\">J.5 MARDI<\/span><\/span><br \/>\nVite un bon petit d\u00e9jeuner !.. on repart vers l&rsquo;Est\u2026<br \/>\nD\u00e9jeuner \u00e0 la r\u00e9serve indienne de \u2018\u2019Wemotacy\u2019\u2019 et plein gaz sur le sentier 83 \u00e0 travers des for\u00eats enneig\u00e9es \u00e0 perte de vue jusqu\u2019au \u2018\u2019Relais 22\u2019\u2019 le temps de faire le plein de \u2018\u2019gaz\u2019\u2019 de vos motoneiges et repartir \u00e0 la pourvoirie \u2018\u2019Windigo\u2019\u2019 pour cette \u00e9tape \u00ab\u00a0cabane au Canada\u00a0\u00bb.<\/td>\n<td style=\"width: 25%;\"><img loading=\"lazy\" decoding=\"async\" class=\"wp-image-442 alignright\" src=\"https:\/\/montanaaventure.com\/wp-content\/uploads\/2017\/05\/image885.jpg\" alt=\"\" width=\"299\" height=\"200\" srcset=\"https:\/\/montanaaventure.com\/wp-content\/uploads\/2017\/05\/image885.jpg 283w, https:\/\/montanaaventure.com\/wp-content\/uploads\/2017\/05\/image885-272x182.jpg 272w\" sizes=\"auto, (max-width: 299px) 100vw, 299px\" \/><\/td>\n<\/tr>\n<\/tbody>\n<\/table>\n<table>\n<tbody>\n<tr>\n<td style=\"width: 75%; vertical-align: middle;\"><span style=\"text-decoration: underline;\"><span style=\"color: #ff0000; text-decoration: underline;\">J.6 MERCREDI<\/span><\/span><br \/>\nPetit d\u00e9jeuner de bucheron et cap vers le sud en traversant le lac \u2018\u2019Windigo\u2019\u2019.<br \/>\nPause d\u00e9jeuner \u00e0 la Tuque et arriv\u00e9e en fin de journ\u00e9e sur les bords de la rivi\u00e8re \u2018\u2019Saint Maurice\u2019\u2019 jusqu\u2019\u00e0 la \u2018\u2019Tani\u00e8re \u00e0 Polo\u2019\u2019.<\/td>\n<td style=\"width: 25%;\"><img loading=\"lazy\" decoding=\"async\" class=\"wp-image-433 alignright\" src=\"https:\/\/montanaaventure.com\/wp-content\/uploads\/Capture-4.png\" alt=\"\" width=\"238\" height=\"200\"><\/td>\n<\/tr>\n<\/tbody>\n<\/table>\n<table>\n<tbody>\n<tr>\n<td style=\"width: 25%;\"><img loading=\"lazy\" decoding=\"async\" class=\"alignnone wp-image-343\" src=\"https:\/\/montanaaventure.com\/wp-content\/uploads\/2017\/05\/image556.jpg\" alt=\"\" width=\"192\" height=\"200\"><\/td>\n<td style=\"width: 75%; vertical-align: middle;\"><span style=\"text-decoration: underline;\"><span style=\"color: #ff0000; text-decoration: underline;\">J.7 JEUDI<\/span><\/span><br \/>\nD\u00e9part pour cette derni\u00e8re journ\u00e9e par un beau sentier rapide qui longe les rives de la rivi\u00e8re \u2018\u2019Saint Maurice\u2019\u2019. D\u00e9jeuner au \u2018\u2019Cabanon\u2019\u2019 pour arriv\u00e9e vers 16 heures \u00e0 la base motoneige de Saint Michel des Saints.<br \/>\nR\u00e9int\u00e9grations des machines et des \u00e9quipements.<br \/>\nVous retrouverez vos bagages et vos chambre, et rendez-vous au bar pour cette soir\u00e9e fin de raid au \u2018\u2019Central\u2019\u2019 dans une ambiance \u2018\u2019vieux biker de la Toundra\u2019\u2019<\/td>\n<\/tr>\n<\/tbody>\n<\/table>\n<table>\n<tbody>\n<tr>\n<td style=\"width: 75%; vertical-align: middle;\"><span style=\"text-decoration: underline;\"><span style=\"color: #ff0000; text-decoration: underline;\">J.8 VENDREDI<\/span><\/span><br \/>\nGrasse matin\u00e9e au Vieux Moulin \u00e0 Scie et d\u00e9part apr\u00e8s un bon d\u00e9jeuner Qu\u00e9b\u00e9cois pour Montr\u00e9al.<br \/>\nAcquisition de vos chambres \u00e0 l\u2019h\u00f4tel \u2018\u2019Marriott\u2019\u2019 situ\u00e9 dans le vieux Montr\u00e9al et apr\u00e8s midi libre pour se retrouver en soir\u00e9e pour un dernier diner de f\u00eate de fin de s\u00e9jour&#8230;Montr\u00e9al by night.<\/td>\n<td style=\"width: 25%;\"><img loading=\"lazy\" decoding=\"async\" class=\"wp-image-440 alignright\" src=\"https:\/\/montanaaventure.com\/wp-content\/uploads\/2017\/05\/image882-300x200.jpg\" alt=\"\" width=\"300\" height=\"200\" srcset=\"https:\/\/montanaaventure.com\/wp-content\/uploads\/2017\/05\/image882-300x200.jpg 300w, https:\/\/montanaaventure.com\/wp-content\/uploads\/2017\/05\/image882-272x182.jpg 272w, https:\/\/montanaaventure.com\/wp-content\/uploads\/2017\/05\/image882.jpg 383w\" sizes=\"auto, (max-width: 300px) 100vw, 300px\" \/><\/td>\n<\/tr>\n<\/tbody>\n<\/table>\n<table>\n<tbody>\n<tr>\n<td><span style=\"text-decoration: underline;\"><span style=\"color: #ff0000; text-decoration: underline;\">J.9 SAMEDI<\/span><\/span><br \/>\nPetit d\u00e9jeuner \u00e0 l\u2019h\u00f4tel.<br \/>\nVous aurez la matin\u00e9e pour vos derniers magasinages avant votre transfert \u00e0 l\u2019a\u00e9roport de Montr\u00e9al.<br \/>\nDiner et nuit\u00e9e dans les nuages&#8230;<\/td>\n<\/tr>\n<\/tbody>\n<\/table>\n<table>\n<tbody>\n<tr>\n<td><span style=\"text-decoration: underline;\"><span style=\"color: #ff0000; text-decoration: underline;\">J10 DIMANCHE<\/span><\/span><br \/>\nArriv\u00e9e en Europe en d\u00e9but de matin\u00e9e.<br \/>\nDifficile de se convaincre que les vacances sont finies et que cette belle aventure s&rsquo;ach\u00e8ve.<\/td>\n<\/tr>\n<\/tbody>\n<\/table>\n<table>\n<tbody>\n<tr>\n<td><img loading=\"lazy\" decoding=\"async\" class=\"wp-image-435 alignleft\" src=\"https:\/\/montanaaventure.com\/wp-content\/uploads\/2017\/05\/image867.jpg\" alt=\"\" width=\"299\" height=\"200\"><\/td>\n<td><img loading=\"lazy\" decoding=\"async\" class=\"wp-image-438 alignright\" src=\"https:\/\/montanaaventure.com\/wp-content\/uploads\/2017\/05\/image877-300x200.jpg\" alt=\"\" width=\"300\" height=\"200\" srcset=\"https:\/\/montanaaventure.com\/wp-content\/uploads\/2017\/05\/image877-300x200.jpg 300w, https:\/\/montanaaventure.com\/wp-content\/uploads\/2017\/05\/image877-272x182.jpg 272w, https:\/\/montanaaventure.com\/wp-content\/uploads\/2017\/05\/image877.jpg 355w\" sizes=\"auto, (max-width: 300px) 100vw, 300px\" \/><\/td>\n<\/tr>\n<\/tbody>\n<\/table>\n<table style=\"width: 100%;\">\n<tbody>\n<tr>\n<td style=\"text-align: center; width: 590px;\"><strong><span style=\"text-decoration: underline;\"><span style=\"color: #ff0000; text-decoration: underline;\">Raid des Loups \u2018\u2019Blancs\u2019\u2019<\/span><\/span><\/strong><br \/>\nUn s\u00e9jour unique, d\u2019un bon niveau sportif, trac\u00e9 en r\u00e9gion sauvage.<br \/>\nRaid Grand Nord (env. 1300 km) sur 6 jours de motoneige<br \/>\n5 soir\u00e9es \u00e9tapes en \u00abpourvoirie\u00bb une personne\/motoneige<br \/>\n2 soir\u00e9es Motel G\u00eete<br \/>\n1 nuit\u00e9e et une demi journ\u00e9e \u00e0 \u00abmagasiner\u00bb \u00e0 Montr\u00e9al<br \/>\n(convient aux personnes ayant fait un raid motoneige)<\/td>\n<\/tr>\n<\/tbody>\n<\/table>\n<p><img loading=\"lazy\" decoding=\"async\" class=\"aligncenter size-full wp-image-985\" src=\"https:\/\/montanaaventure.com\/wp-content\/uploads\/raid-loups-blancs.jpg\" alt=\"\" width=\"635\" height=\"956\" srcset=\"https:\/\/montanaaventure.com\/wp-content\/uploads\/raid-loups-blancs.jpg 635w, https:\/\/montanaaventure.com\/wp-content\/uploads\/raid-loups-blancs-199x300.jpg 199w\" sizes=\"auto, (max-width: 635px) 100vw, 635px\" \/><\/p>\n","protected":false},"excerpt":{"rendered":"<p>&nbsp; MONTANA AVENTURE RAID DES LOUPS BLANCS (niveau sportif) &nbsp; J.1 VENDREDI D\u00e9part Frankfurt (ou Roissy ou autre) vol r\u00e9gulier destination Montr\u00e9al. Accueil personnalis\u00e9 transfert vers Saint Michel des Saints, en passant par le centre ville de Montr\u00e9al. Arriv\u00e9e \u00e0 l&rsquo;h\u00f4tel le Vieux Moulin \u00e0 Scie pour cette premi\u00e8re nuit\u00e9e&#8230; J.2 SAMEDI Apr\u00e8s&nbsp; une nuit&nbsp; <a href=\"https:\/\/montanaaventure.com\/index.php\/raid-loups-blancs-2020\/\" rel=\"nofollow\"><span class=\"sr-only\">En savoir plus surRAID DES LOUPS BLANCS<\/span>[&#8230;]<\/a><\/p>\n","protected":false},"author":1,"featured_media":0,"parent":0,"menu_order":0,"comment_status":"closed","ping_status":"closed","template":"template-fullwidth.php","meta":{"ngg_post_thumbnail":0,"footnotes":""},"class_list":["post-573","page","type-page","status-publish","hentry"],"yoast_head":"<!-- This site is optimized with the Yoast SEO plugin v27.2 - https:\/\/yoast.com\/product\/yoast-seo-wordpress\/ -->\n<title>RAID DES LOUPS BLANCS - MONTANA AVENTURE<\/title>\n<meta name=\"robots\" content=\"index, follow, max-snippet:-1, max-image-preview:large, max-video-preview:-1\" \/>\n<link rel=\"canonical\" href=\"https:\/\/montanaaventure.com\/index.php\/raid-loups-blancs-2020\/\" \/>\n<meta property=\"og:locale\" content=\"fr_FR\" \/>\n<meta property=\"og:type\" content=\"article\" \/>\n<meta property=\"og:title\" content=\"RAID DES LOUPS BLANCS - MONTANA AVENTURE\" \/>\n<meta property=\"og:description\" content=\"&nbsp; MONTANA AVENTURE RAID DES LOUPS BLANCS (niveau sportif) &nbsp; J.1 VENDREDI D\u00e9part Frankfurt (ou Roissy ou autre) vol r\u00e9gulier destination Montr\u00e9al. Accueil personnalis\u00e9 transfert vers Saint Michel des Saints, en passant par le centre ville de Montr\u00e9al. Arriv\u00e9e \u00e0 l&rsquo;h\u00f4tel le Vieux Moulin \u00e0 Scie pour cette premi\u00e8re nuit\u00e9e&#8230; J.2 SAMEDI Apr\u00e8s&nbsp; une nuit&nbsp; En savoir plus surRAID DES LOUPS BLANCS[...]\" \/>\n<meta property=\"og:url\" content=\"https:\/\/montanaaventure.com\/index.php\/raid-loups-blancs-2020\/\" \/>\n<meta property=\"og:site_name\" content=\"MONTANA AVENTURE\" \/>\n<meta property=\"article:modified_time\" content=\"2024-09-18T11:39:54+00:00\" \/>\n<meta property=\"og:image\" content=\"http:\/\/montanaaventure.com\/wp-content\/uploads\/2017\/05\/image726.jpg\" \/>\n<meta name=\"twitter:card\" content=\"summary_large_image\" \/>\n<meta name=\"twitter:label1\" content=\"Dur\u00e9e de lecture estim\u00e9e\" \/>\n\t<meta name=\"twitter:data1\" content=\"5 minutes\" \/>\n<script type=\"application\/ld+json\" class=\"yoast-schema-graph\">{\"@context\":\"https:\/\/schema.org\",\"@graph\":[{\"@type\":\"WebPage\",\"@id\":\"https:\/\/montanaaventure.com\/index.php\/raid-loups-blancs-2020\/\",\"url\":\"https:\/\/montanaaventure.com\/index.php\/raid-loups-blancs-2020\/\",\"name\":\"RAID DES LOUPS BLANCS - MONTANA AVENTURE\",\"isPartOf\":{\"@id\":\"https:\/\/montanaaventure.com\/#website\"},\"primaryImageOfPage\":{\"@id\":\"https:\/\/montanaaventure.com\/index.php\/raid-loups-blancs-2020\/#primaryimage\"},\"image\":{\"@id\":\"https:\/\/montanaaventure.com\/index.php\/raid-loups-blancs-2020\/#primaryimage\"},\"thumbnailUrl\":\"http:\/\/montanaaventure.com\/wp-content\/uploads\/2017\/05\/image726.jpg\",\"datePublished\":\"2017-05-07T21:02:09+00:00\",\"dateModified\":\"2024-09-18T11:39:54+00:00\",\"breadcrumb\":{\"@id\":\"https:\/\/montanaaventure.com\/index.php\/raid-loups-blancs-2020\/#breadcrumb\"},\"inLanguage\":\"fr-FR\",\"potentialAction\":[{\"@type\":\"ReadAction\",\"target\":[\"https:\/\/montanaaventure.com\/index.php\/raid-loups-blancs-2020\/\"]}]},{\"@type\":\"ImageObject\",\"inLanguage\":\"fr-FR\",\"@id\":\"https:\/\/montanaaventure.com\/index.php\/raid-loups-blancs-2020\/#primaryimage\",\"url\":\"http:\/\/montanaaventure.com\/wp-content\/uploads\/2017\/05\/image726.jpg\",\"contentUrl\":\"http:\/\/montanaaventure.com\/wp-content\/uploads\/2017\/05\/image726.jpg\"},{\"@type\":\"BreadcrumbList\",\"@id\":\"https:\/\/montanaaventure.com\/index.php\/raid-loups-blancs-2020\/#breadcrumb\",\"itemListElement\":[{\"@type\":\"ListItem\",\"position\":1,\"name\":\"Accueil\",\"item\":\"https:\/\/montanaaventure.com\/\"},{\"@type\":\"ListItem\",\"position\":2,\"name\":\"RAID DES LOUPS BLANCS\"}]},{\"@type\":\"WebSite\",\"@id\":\"https:\/\/montanaaventure.com\/#website\",\"url\":\"https:\/\/montanaaventure.com\/\",\"name\":\"MONTANA AVENTURE\",\"description\":\"RAID MOTONEIGE EN REGION SAUVAGE\",\"potentialAction\":[{\"@type\":\"SearchAction\",\"target\":{\"@type\":\"EntryPoint\",\"urlTemplate\":\"https:\/\/montanaaventure.com\/?s={search_term_string}\"},\"query-input\":{\"@type\":\"PropertyValueSpecification\",\"valueRequired\":true,\"valueName\":\"search_term_string\"}}],\"inLanguage\":\"fr-FR\"}]}<\/script>\n<!-- \/ Yoast SEO plugin. -->","yoast_head_json":{"title":"RAID DES LOUPS BLANCS - MONTANA AVENTURE","robots":{"index":"index","follow":"follow","max-snippet":"max-snippet:-1","max-image-preview":"max-image-preview:large","max-video-preview":"max-video-preview:-1"},"canonical":"https:\/\/montanaaventure.com\/index.php\/raid-loups-blancs-2020\/","og_locale":"fr_FR","og_type":"article","og_title":"RAID DES LOUPS BLANCS - MONTANA AVENTURE","og_description":"&nbsp; MONTANA AVENTURE RAID DES LOUPS BLANCS (niveau sportif) &nbsp; J.1 VENDREDI D\u00e9part Frankfurt (ou Roissy ou autre) vol r\u00e9gulier destination Montr\u00e9al. Accueil personnalis\u00e9 transfert vers Saint Michel des Saints, en passant par le centre ville de Montr\u00e9al. Arriv\u00e9e \u00e0 l&rsquo;h\u00f4tel le Vieux Moulin \u00e0 Scie pour cette premi\u00e8re nuit\u00e9e&#8230; J.2 SAMEDI Apr\u00e8s&nbsp; une nuit&nbsp; En savoir plus surRAID DES LOUPS BLANCS[...]","og_url":"https:\/\/montanaaventure.com\/index.php\/raid-loups-blancs-2020\/","og_site_name":"MONTANA AVENTURE","article_modified_time":"2024-09-18T11:39:54+00:00","og_image":[{"url":"http:\/\/montanaaventure.com\/wp-content\/uploads\/2017\/05\/image726.jpg","type":"","width":"","height":""}],"twitter_card":"summary_large_image","twitter_misc":{"Dur\u00e9e de lecture estim\u00e9e":"5 minutes"},"schema":{"@context":"https:\/\/schema.org","@graph":[{"@type":"WebPage","@id":"https:\/\/montanaaventure.com\/index.php\/raid-loups-blancs-2020\/","url":"https:\/\/montanaaventure.com\/index.php\/raid-loups-blancs-2020\/","name":"RAID DES LOUPS BLANCS - MONTANA AVENTURE","isPartOf":{"@id":"https:\/\/montanaaventure.com\/#website"},"primaryImageOfPage":{"@id":"https:\/\/montanaaventure.com\/index.php\/raid-loups-blancs-2020\/#primaryimage"},"image":{"@id":"https:\/\/montanaaventure.com\/index.php\/raid-loups-blancs-2020\/#primaryimage"},"thumbnailUrl":"http:\/\/montanaaventure.com\/wp-content\/uploads\/2017\/05\/image726.jpg","datePublished":"2017-05-07T21:02:09+00:00","dateModified":"2024-09-18T11:39:54+00:00","breadcrumb":{"@id":"https:\/\/montanaaventure.com\/index.php\/raid-loups-blancs-2020\/#breadcrumb"},"inLanguage":"fr-FR","potentialAction":[{"@type":"ReadAction","target":["https:\/\/montanaaventure.com\/index.php\/raid-loups-blancs-2020\/"]}]},{"@type":"ImageObject","inLanguage":"fr-FR","@id":"https:\/\/montanaaventure.com\/index.php\/raid-loups-blancs-2020\/#primaryimage","url":"http:\/\/montanaaventure.com\/wp-content\/uploads\/2017\/05\/image726.jpg","contentUrl":"http:\/\/montanaaventure.com\/wp-content\/uploads\/2017\/05\/image726.jpg"},{"@type":"BreadcrumbList","@id":"https:\/\/montanaaventure.com\/index.php\/raid-loups-blancs-2020\/#breadcrumb","itemListElement":[{"@type":"ListItem","position":1,"name":"Accueil","item":"https:\/\/montanaaventure.com\/"},{"@type":"ListItem","position":2,"name":"RAID DES LOUPS BLANCS"}]},{"@type":"WebSite","@id":"https:\/\/montanaaventure.com\/#website","url":"https:\/\/montanaaventure.com\/","name":"MONTANA AVENTURE","description":"RAID MOTONEIGE EN REGION SAUVAGE","potentialAction":[{"@type":"SearchAction","target":{"@type":"EntryPoint","urlTemplate":"https:\/\/montanaaventure.com\/?s={search_term_string}"},"query-input":{"@type":"PropertyValueSpecification","valueRequired":true,"valueName":"search_term_string"}}],"inLanguage":"fr-FR"}]}},"_links":{"self":[{"href":"https:\/\/montanaaventure.com\/index.php\/wp-json\/wp\/v2\/pages\/573","targetHints":{"allow":["GET"]}}],"collection":[{"href":"https:\/\/montanaaventure.com\/index.php\/wp-json\/wp\/v2\/pages"}],"about":[{"href":"https:\/\/montanaaventure.com\/index.php\/wp-json\/wp\/v2\/types\/page"}],"author":[{"embeddable":true,"href":"https:\/\/montanaaventure.com\/index.php\/wp-json\/wp\/v2\/users\/1"}],"replies":[{"embeddable":true,"href":"https:\/\/montanaaventure.com\/index.php\/wp-json\/wp\/v2\/comments?post=573"}],"version-history":[{"count":19,"href":"https:\/\/montanaaventure.com\/index.php\/wp-json\/wp\/v2\/pages\/573\/revisions"}],"predecessor-version":[{"id":1188,"href":"https:\/\/montanaaventure.com\/index.php\/wp-json\/wp\/v2\/pages\/573\/revisions\/1188"}],"wp:attachment":[{"href":"https:\/\/montanaaventure.com\/index.php\/wp-json\/wp\/v2\/media?parent=573"}],"curies":[{"name":"wp","href":"https:\/\/api.w.org\/{rel}","templated":true}]}}