{"id":563,"date":"2017-05-07T22:31:30","date_gmt":"2017-05-07T20:31:30","guid":{"rendered":"http:\/\/montanaaventure.com\/?page_id=563"},"modified":"2024-09-18T13:34:35","modified_gmt":"2024-09-18T11:34:35","slug":"raid-loups-2020","status":"publish","type":"page","link":"https:\/\/montanaaventure.com\/index.php\/raid-loups-2020\/","title":{"rendered":"RAID DES LOUPS"},"content":{"rendered":"<p>&nbsp;<\/p>\n<h1><span style=\"color: #ff0000;\">MONTANA AVENTURE <img loading=\"lazy\" decoding=\"async\" class=\"alignnone size-full wp-image-273\" src=\"https:\/\/montanaaventure.com\/wp-content\/uploads\/2017\/05\/image3551.png\" alt=\"\" width=\"122\" height=\"111\"><\/span><span style=\"color: #ff0000;\">RAID DES LOUPS (Niveau confirm\u00e9)<br \/>\n<\/span><\/h1>\n<p>&nbsp;<\/p>\n<table>\n<tbody>\n<tr>\n<td style=\"width: 70%; vertical-align: middle;\"><span style=\"text-decoration: underline;\"><span style=\"color: #ff0000; text-decoration: underline;\">J.1 SAMEDI<\/span><\/span><br \/>\nD\u00e9part Frankfurt (ou Roissy ou autre) vol r\u00e9gulier destination Montr\u00e9al. Accueil personnalis\u00e9 dans l&rsquo;apr\u00e8s-midi, bref passage par le centre ville et d\u00e9part pour Saint-Alexis des Monts. Arriv\u00e9e en fin d&rsquo;apr\u00e8s-midi au motel Saint Alex, un endroit d\u2019exception pour cette premi\u00e8re nuit\u00e9e au fond des bois et souper Villageois.<\/td>\n<td style=\"width: 30%;\"><img loading=\"lazy\" decoding=\"async\" class=\"wp-image-359 size-full alignright\" src=\"https:\/\/montanaaventure.com\/wp-content\/uploads\/2017\/05\/image587.jpg\" alt=\"\" width=\"130\" height=\"174\"><\/td>\n<\/tr>\n<\/tbody>\n<\/table>\n<table>\n<tbody>\n<tr>\n<td style=\"width: 25%;\"><img loading=\"lazy\" decoding=\"async\" class=\"aligncenter wp-image-1103 size-full\" src=\"https:\/\/montanaaventure.com\/wp-content\/uploads\/raid_loup_dimanche.jpg\" alt=\"\" width=\"720\" height=\"960\" srcset=\"https:\/\/montanaaventure.com\/wp-content\/uploads\/raid_loup_dimanche.jpg 720w, https:\/\/montanaaventure.com\/wp-content\/uploads\/raid_loup_dimanche-225x300.jpg 225w\" sizes=\"auto, (max-width: 720px) 100vw, 720px\" \/><\/td>\n<td style=\"width: 75%; vertical-align: middle;\"><span style=\"text-decoration: underline;\"><span style=\"color: #ff0000; text-decoration: underline;\">J.2 DIMANCHE<\/span><\/span><br \/>\nApr\u00e8s une bonne nuit de sommeil, un bon petit d\u00e9jeuner de taille (d\u00e9calage horaire oblige), rendez vous \u00e0 la base motoneige o\u00f9 apr\u00e8s un petit briefing (connaissance des r\u00e8gles de s\u00e9curit\u00e9 et de conduite) vous pr\u00e9parez votre paquetage pour cinq jours de raid ( le compl\u00e9ment de vos bagages restera \u00e0 l\u2019auberge). Prise en compte de vos motoneiges et de vos \u00e9quipements&nbsp; grand froid&nbsp; \u2026&nbsp; c\u02bcest le d\u00e9part du Raid \u00e0 travers des sentiers sinueux, pistes rapides, travers\u00e9es de lacs gel\u00e9s. Vous allez vite appr\u00e9cier les joies du pilotage. D\u00e9jeuner dans un petite Auberge Indienne, puis continuation de votre escapade sur la rivi\u00e8re St MAURICE o\u00f9 vous pouvez tester la puissance de vos machines. Arriv\u00e9e en d\u00e9but de soir\u00e9e \u00e0 la Tani\u00e8re \u00e0 Polo, magnifique chalet en bois rond, o\u00f9 le P\u00e8re Polo et sa Blonde se feront une joie de vous accueillir. Souper au coin du feu et nuit\u00e9e \u00e0 la \u00ab\u00a0Tani\u00e8re.\u00a0\u00bb<\/td>\n<\/tr>\n<\/tbody>\n<\/table>\n<table>\n<tbody>\n<tr>\n<td style=\"width: 75%; vertical-align: middle;\"><span style=\"text-decoration: underline;\"><span style=\"color: #ff0000; text-decoration: underline;\">J.3 LUNDI<\/span><\/span><br \/>\nMerveilleuse nuit ! Un bon petit d\u00e9jeuner et c\u02bcest reparti ! Cap plein Nord pour cette \u00e9tape roulante en empruntant le&nbsp; sentier&nbsp; du&nbsp; gazoduc (appr\u00e9ci\u00e9&nbsp; pour&nbsp; ses&nbsp; pointes&nbsp; de vitesse). D\u00e9jeuner \u00e0 La Tuque et plein gaz sur l\u02bcAbitibi \u00e0 travers des for\u00eats enneig\u00e9es \u00e0 perte de vue pour arriver \u00e0 \u201cWindigo\u201d de nuit et dormir dans un petit chalet au fond des bois, coup\u00e9 du reste du monde pour cette soir\u00e9e \u00abcabane au Canada\u00bb.<\/td>\n<td style=\"width: 25%;\"><img loading=\"lazy\" decoding=\"async\" class=\"size-medium wp-image-824 alignright\" src=\"https:\/\/montanaaventure.com\/wp-content\/uploads\/20190201_161336-300x146.jpg\" alt=\"\" width=\"300\" height=\"146\" srcset=\"https:\/\/montanaaventure.com\/wp-content\/uploads\/20190201_161336-300x146.jpg 300w, https:\/\/montanaaventure.com\/wp-content\/uploads\/20190201_161336-768x373.jpg 768w, https:\/\/montanaaventure.com\/wp-content\/uploads\/20190201_161336-1024x498.jpg 1024w\" sizes=\"auto, (max-width: 300px) 100vw, 300px\" \/><\/td>\n<\/tr>\n<\/tbody>\n<\/table>\n<table>\n<tbody>\n<tr>\n<td><span style=\"text-decoration: underline;\"><span style=\"color: #ff0000; text-decoration: underline;\">J.4 MARDI<\/span><\/span><br \/>\nR\u00e9veil matinal. Apr\u00e8s un bon petit d\u00e9jeuner Qu\u00e9b\u00e9cois, vous repartez sur vos machines en direction de la r\u00e9serve Indienne \u00abWemontacy\u00bb pour d\u00e9jeuner. Vous reprenez ensuite un beau sentier qui vous m\u00e8nera en fin de journ\u00e9e \u00e0 la pourvoirie \u00ab Kanawata \u00bb sur les bords du lac Manawan o\u00f9 on vous attend pour une belle soir\u00e9e \u00e9tape (Kanawata en indien veut dire \u00e9tape).<\/td>\n<\/tr>\n<\/tbody>\n<\/table>\n<table>\n<tbody>\n<tr>\n<td style=\"width: 25%;\"><img loading=\"lazy\" decoding=\"async\" class=\"alignnone wp-image-350 size-full\" src=\"https:\/\/montanaaventure.com\/wp-content\/uploads\/2017\/05\/image574.jpg\" alt=\"\" width=\"268\" height=\"275\"><\/td>\n<td style=\"width: 75%; vertical-align: middle;\"><img loading=\"lazy\" decoding=\"async\" class=\"alignnone size-full wp-image-282\" src=\"https:\/\/montanaaventure.com\/wp-content\/uploads\/2017\/05\/image5851.png\" alt=\"\" width=\"69\" height=\"84\">&nbsp;&nbsp;&nbsp;&nbsp;&nbsp;&nbsp;&nbsp;&nbsp;&nbsp;<\/p>\n<p><span style=\"text-decoration: underline;\"><span style=\"color: #ff0000; text-decoration: underline;\">J.5 MERCREDI<\/span><\/span><br \/>\nVite un petit-d\u00e9jeuner ! Aujourd&rsquo;hui c\u02bcest une journ\u00e9e \u00abHors Sentiers\u00bb \u00e0 travers les lacs et portages. D\u00e9jeuner au Lac du Repos et cap plein sud pour terminer cette \u00e9tape en fin de journ\u00e9e sur le R\u00e9servoir Taureau .Vous rejoignez ensuite le Motel Vieux Moulin \u00e0 Scie pour la remise de vos chambres. Un petit break au bar et vous serez pr\u00eats pour cette soir\u00e9e dans une ambiance de \u00abVieux Biker\u00bb de la Toundra.<\/td>\n<\/tr>\n<\/tbody>\n<\/table>\n<table>\n<tbody>\n<tr>\n<td style=\"width: 75%; vertical-align: middle;\"><span style=\"text-decoration: underline;\"><span style=\"color: #ff0000; text-decoration: underline;\">J.6 JEUDI<\/span><\/span><br \/>\nPetit d\u00e9jeuner de b\u00fbcheron. D\u00e9part pour&nbsp; cette&nbsp; derni\u00e8re journ\u00e9e de motoneige&nbsp; qui&nbsp; vous&nbsp; conduira sur une&nbsp; piste&nbsp; sinueuse jusqu\u02bc\u00e0 la Pourvoirie J.Koubek, une b\u00e2tisse tr\u00e8s typique qui a plus de 150 ann\u00e9es&nbsp; d\u02bchistoire.&nbsp; Vous&nbsp; \u00eates&nbsp; attendus pour un bon d\u00e9jeuner Qu\u00e9b\u00e9cois.&nbsp;&nbsp;<\/p>\n<p>Arriv\u00e9e en fin d\u02bcapr\u00e8s-midi \u00e0 la base motoneige MONTANA AVENTURE, vous r\u00e9int\u00e9grez vos machines et vos tenues. Apr\u00e8s avoir pris vos chambres au MOTEL ST ALEX, un petit breuvage au bar vous attend et vous&nbsp; serez pr\u00eats pour le souper dans une Brasserie Locale et terminer la soir\u00e9e au \u00ab\u00a0SALOON&#8230;\u00a0\u00bb du village pour appr\u00e9cier l&rsquo;ambiance locale.<\/td>\n<td style=\"width: 25%;\"><img loading=\"lazy\" decoding=\"async\" class=\"size-full wp-image-296 alignright\" src=\"https:\/\/montanaaventure.com\/wp-content\/uploads\/2017\/05\/image396.jpg\" alt=\"\" width=\"248\" height=\"214\"><\/td>\n<\/tr>\n<\/tbody>\n<\/table>\n<table>\n<tbody>\n<tr>\n<td style=\"width: 25%;\"><img loading=\"lazy\" decoding=\"async\" class=\"aligncenter wp-image-1104 size-full\" src=\"https:\/\/montanaaventure.com\/wp-content\/uploads\/raid_loup_vendredi.jpg\" alt=\"\" width=\"1024\" height=\"768\" srcset=\"https:\/\/montanaaventure.com\/wp-content\/uploads\/raid_loup_vendredi.jpg 1024w, https:\/\/montanaaventure.com\/wp-content\/uploads\/raid_loup_vendredi-300x225.jpg 300w, https:\/\/montanaaventure.com\/wp-content\/uploads\/raid_loup_vendredi-768x576.jpg 768w, https:\/\/montanaaventure.com\/wp-content\/uploads\/raid_loup_vendredi-285x214.jpg 285w\" sizes=\"auto, (max-width: 1024px) 100vw, 1024px\" \/><\/td>\n<td style=\"width: 75%; vertical-align: middle;\"><span style=\"text-decoration: underline;\"><span style=\"color: #ff0000; text-decoration: underline;\">J.7 VENDREDI<\/span><\/span><br \/>\nGrasse matin\u00e9e pour certains, ensuite d\u00e9part vers 11h pour Montr\u00e9al. D\u00e9jeuner en cours de trajet en passant chez le&nbsp; concessionnaire quad et Harley Davidson. Fin d\u02bcapr\u00e8s-midi libre au centre ville o\u00f9 vous pourrez magasiner et faire de bonnes affaires (chaussures &amp; v\u00eatements de marques Guess &#8211; Aldo &#8211; Steven Madden etc&#8230;). Rendez-vous ensuite \u00e0 l\u02bch\u00f4tel MARRIOTT. On terminera la soir\u00e9e dans un beau restaurant du vieux Montr\u00e9al avec une excellente cuisine pour f\u00eater cette fin de s\u00e9jour \u00ab\u00a0by Night.\u00a0\u00bb<\/td>\n<\/tr>\n<\/tbody>\n<\/table>\n<table>\n<tbody>\n<tr>\n<td style=\"width: 75%; vertical-align: middle;\"><span style=\"text-decoration: underline;\"><span style=\"color: #ff0000; text-decoration: underline;\">J.8 SAMEDI<\/span><\/span><br \/>\nPetit d\u00e9jeuner. D\u00e9couverte du vieux Montr\u00e9al en matin\u00e9e libre pour faire vos derni\u00e8res emplettes sur la rue Ste Catherine. Transfert en direction de l\u02bca\u00e9roport de Montr\u00e9al dans l\u02bcapr\u00e8s-midi. D\u00eener et nuit dans les nuages.<br \/>\n<img loading=\"lazy\" decoding=\"async\" class=\"alignnone size-full wp-image-257\" src=\"https:\/\/montanaaventure.com\/wp-content\/uploads\/2017\/05\/image598.png\" alt=\"\" width=\"87\" height=\"110\"><\/td>\n<td style=\"width: 25%;\"><img loading=\"lazy\" decoding=\"async\" class=\"size-full wp-image-295 alignright\" src=\"https:\/\/montanaaventure.com\/wp-content\/uploads\/2017\/05\/image327.jpg\" alt=\"\" width=\"198\" height=\"295\"><\/td>\n<\/tr>\n<\/tbody>\n<\/table>\n<table>\n<tbody>\n<tr>\n<td style=\"width: 25%;\"><img loading=\"lazy\" decoding=\"async\" class=\"alignnone size-full wp-image-326\" src=\"https:\/\/montanaaventure.com\/wp-content\/uploads\/2017\/05\/image507.jpg\" alt=\"\" width=\"246\" height=\"184\"><\/td>\n<td style=\"width: 75%; vertical-align: middle;\"><span style=\"text-decoration: underline;\"><span style=\"color: #ff0000; text-decoration: underline;\">J.9 DIMANCHE<\/span><\/span><br \/>\nArriv\u00e9e \u00e0 Frankfurt (transfert par le train \u00e0 destination de Saarbr\u00fccken) ou Paris en&nbsp; d\u00e9but de matin\u00e9e. Difficile de se convaincre que les vacances sont d\u00e9j\u00e0 finies apr\u00e8s cette intense tranche de vie en pleine contr\u00e9e sauvage.<\/td>\n<\/tr>\n<\/tbody>\n<\/table>\n<table style=\"width: 100%;\">\n<tbody>\n<tr>\n<td style=\"text-align: center; width: 1197px;\"><strong><span style=\"text-decoration: underline;\"><span style=\"color: #ff0000; text-decoration: underline;\">Raid des Loups<\/span><\/span><\/strong><br \/>\nUn s\u00e9jour d\u2019un bon niveau en r\u00e9gion sauvage.<br \/>\nRaid Grand Nord (env. 1000 km) sur 5 jours de motoneige<br \/>\n4 soir\u00e9es \u00e9tapes en \u00abpourvoirie\u00bb<br \/>\nune personne\/motoneige<br \/>\n2 soir\u00e9es Motel G\u00eete<br \/>\n1 nuit\u00e9e et 1&nbsp; journ\u00e9e \u00e0 \u00abmagasiner\u00bb \u00e0 Montr\u00e9al ( by night)<br \/>\n(convient aux aventuriers amateurs de quads et aux motards)<\/td>\n<\/tr>\n<\/tbody>\n<\/table>\n<p><img loading=\"lazy\" decoding=\"async\" class=\"aligncenter size-full wp-image-991\" src=\"https:\/\/montanaaventure.com\/wp-content\/uploads\/raid-loups.jpg\" alt=\"\" width=\"633\" height=\"957\" srcset=\"https:\/\/montanaaventure.com\/wp-content\/uploads\/raid-loups.jpg 633w, https:\/\/montanaaventure.com\/wp-content\/uploads\/raid-loups-198x300.jpg 198w\" sizes=\"auto, (max-width: 633px) 100vw, 633px\" \/><\/p>\n","protected":false},"excerpt":{"rendered":"<p>&nbsp; MONTANA AVENTURE RAID DES LOUPS (Niveau confirm\u00e9) &nbsp; J.1 SAMEDI D\u00e9part Frankfurt (ou Roissy ou autre) vol r\u00e9gulier destination Montr\u00e9al. Accueil personnalis\u00e9 dans l&rsquo;apr\u00e8s-midi, bref passage par le centre ville et d\u00e9part pour Saint-Alexis des Monts. Arriv\u00e9e en fin d&rsquo;apr\u00e8s-midi au motel Saint Alex, un endroit d\u2019exception pour cette premi\u00e8re nuit\u00e9e au fond des <a href=\"https:\/\/montanaaventure.com\/index.php\/raid-loups-2020\/\" rel=\"nofollow\"><span class=\"sr-only\">En savoir plus surRAID DES LOUPS<\/span>[&#8230;]<\/a><\/p>\n","protected":false},"author":1,"featured_media":0,"parent":0,"menu_order":0,"comment_status":"closed","ping_status":"closed","template":"template-fullwidth.php","meta":{"ngg_post_thumbnail":0,"footnotes":""},"class_list":["post-563","page","type-page","status-publish","hentry"],"yoast_head":"<!-- This site is optimized with the Yoast SEO plugin v27.2 - https:\/\/yoast.com\/product\/yoast-seo-wordpress\/ -->\n<title>RAID DES LOUPS - MONTANA AVENTURE<\/title>\n<meta name=\"robots\" content=\"index, follow, max-snippet:-1, max-image-preview:large, max-video-preview:-1\" \/>\n<link rel=\"canonical\" href=\"https:\/\/montanaaventure.com\/index.php\/raid-loups-2020\/\" \/>\n<meta property=\"og:locale\" content=\"fr_FR\" \/>\n<meta property=\"og:type\" content=\"article\" \/>\n<meta property=\"og:title\" content=\"RAID DES LOUPS - MONTANA AVENTURE\" \/>\n<meta property=\"og:description\" content=\"&nbsp; MONTANA AVENTURE RAID DES LOUPS (Niveau confirm\u00e9) &nbsp; J.1 SAMEDI D\u00e9part Frankfurt (ou Roissy ou autre) vol r\u00e9gulier destination Montr\u00e9al. Accueil personnalis\u00e9 dans l&rsquo;apr\u00e8s-midi, bref passage par le centre ville et d\u00e9part pour Saint-Alexis des Monts. Arriv\u00e9e en fin d&rsquo;apr\u00e8s-midi au motel Saint Alex, un endroit d\u2019exception pour cette premi\u00e8re nuit\u00e9e au fond des En savoir plus surRAID DES LOUPS[...]\" \/>\n<meta property=\"og:url\" content=\"https:\/\/montanaaventure.com\/index.php\/raid-loups-2020\/\" \/>\n<meta property=\"og:site_name\" content=\"MONTANA AVENTURE\" \/>\n<meta property=\"article:modified_time\" content=\"2024-09-18T11:34:35+00:00\" \/>\n<meta property=\"og:image\" content=\"http:\/\/montanaaventure.com\/wp-content\/uploads\/2017\/05\/image3551.png\" \/>\n<meta name=\"twitter:card\" content=\"summary_large_image\" \/>\n<meta name=\"twitter:label1\" content=\"Dur\u00e9e de lecture estim\u00e9e\" \/>\n\t<meta name=\"twitter:data1\" content=\"7 minutes\" \/>\n<script type=\"application\/ld+json\" class=\"yoast-schema-graph\">{\"@context\":\"https:\/\/schema.org\",\"@graph\":[{\"@type\":\"WebPage\",\"@id\":\"https:\/\/montanaaventure.com\/index.php\/raid-loups-2020\/\",\"url\":\"https:\/\/montanaaventure.com\/index.php\/raid-loups-2020\/\",\"name\":\"RAID DES LOUPS - MONTANA AVENTURE\",\"isPartOf\":{\"@id\":\"https:\/\/montanaaventure.com\/#website\"},\"primaryImageOfPage\":{\"@id\":\"https:\/\/montanaaventure.com\/index.php\/raid-loups-2020\/#primaryimage\"},\"image\":{\"@id\":\"https:\/\/montanaaventure.com\/index.php\/raid-loups-2020\/#primaryimage\"},\"thumbnailUrl\":\"http:\/\/montanaaventure.com\/wp-content\/uploads\/2017\/05\/image3551.png\",\"datePublished\":\"2017-05-07T20:31:30+00:00\",\"dateModified\":\"2024-09-18T11:34:35+00:00\",\"breadcrumb\":{\"@id\":\"https:\/\/montanaaventure.com\/index.php\/raid-loups-2020\/#breadcrumb\"},\"inLanguage\":\"fr-FR\",\"potentialAction\":[{\"@type\":\"ReadAction\",\"target\":[\"https:\/\/montanaaventure.com\/index.php\/raid-loups-2020\/\"]}]},{\"@type\":\"ImageObject\",\"inLanguage\":\"fr-FR\",\"@id\":\"https:\/\/montanaaventure.com\/index.php\/raid-loups-2020\/#primaryimage\",\"url\":\"http:\/\/montanaaventure.com\/wp-content\/uploads\/2017\/05\/image3551.png\",\"contentUrl\":\"http:\/\/montanaaventure.com\/wp-content\/uploads\/2017\/05\/image3551.png\"},{\"@type\":\"BreadcrumbList\",\"@id\":\"https:\/\/montanaaventure.com\/index.php\/raid-loups-2020\/#breadcrumb\",\"itemListElement\":[{\"@type\":\"ListItem\",\"position\":1,\"name\":\"Accueil\",\"item\":\"https:\/\/montanaaventure.com\/\"},{\"@type\":\"ListItem\",\"position\":2,\"name\":\"RAID DES LOUPS\"}]},{\"@type\":\"WebSite\",\"@id\":\"https:\/\/montanaaventure.com\/#website\",\"url\":\"https:\/\/montanaaventure.com\/\",\"name\":\"MONTANA AVENTURE\",\"description\":\"RAID MOTONEIGE EN REGION SAUVAGE\",\"potentialAction\":[{\"@type\":\"SearchAction\",\"target\":{\"@type\":\"EntryPoint\",\"urlTemplate\":\"https:\/\/montanaaventure.com\/?s={search_term_string}\"},\"query-input\":{\"@type\":\"PropertyValueSpecification\",\"valueRequired\":true,\"valueName\":\"search_term_string\"}}],\"inLanguage\":\"fr-FR\"}]}<\/script>\n<!-- \/ Yoast SEO plugin. -->","yoast_head_json":{"title":"RAID DES LOUPS - MONTANA AVENTURE","robots":{"index":"index","follow":"follow","max-snippet":"max-snippet:-1","max-image-preview":"max-image-preview:large","max-video-preview":"max-video-preview:-1"},"canonical":"https:\/\/montanaaventure.com\/index.php\/raid-loups-2020\/","og_locale":"fr_FR","og_type":"article","og_title":"RAID DES LOUPS - MONTANA AVENTURE","og_description":"&nbsp; MONTANA AVENTURE RAID DES LOUPS (Niveau confirm\u00e9) &nbsp; J.1 SAMEDI D\u00e9part Frankfurt (ou Roissy ou autre) vol r\u00e9gulier destination Montr\u00e9al. Accueil personnalis\u00e9 dans l&rsquo;apr\u00e8s-midi, bref passage par le centre ville et d\u00e9part pour Saint-Alexis des Monts. Arriv\u00e9e en fin d&rsquo;apr\u00e8s-midi au motel Saint Alex, un endroit d\u2019exception pour cette premi\u00e8re nuit\u00e9e au fond des En savoir plus surRAID DES LOUPS[...]","og_url":"https:\/\/montanaaventure.com\/index.php\/raid-loups-2020\/","og_site_name":"MONTANA AVENTURE","article_modified_time":"2024-09-18T11:34:35+00:00","og_image":[{"url":"http:\/\/montanaaventure.com\/wp-content\/uploads\/2017\/05\/image3551.png","type":"","width":"","height":""}],"twitter_card":"summary_large_image","twitter_misc":{"Dur\u00e9e de lecture estim\u00e9e":"7 minutes"},"schema":{"@context":"https:\/\/schema.org","@graph":[{"@type":"WebPage","@id":"https:\/\/montanaaventure.com\/index.php\/raid-loups-2020\/","url":"https:\/\/montanaaventure.com\/index.php\/raid-loups-2020\/","name":"RAID DES LOUPS - MONTANA AVENTURE","isPartOf":{"@id":"https:\/\/montanaaventure.com\/#website"},"primaryImageOfPage":{"@id":"https:\/\/montanaaventure.com\/index.php\/raid-loups-2020\/#primaryimage"},"image":{"@id":"https:\/\/montanaaventure.com\/index.php\/raid-loups-2020\/#primaryimage"},"thumbnailUrl":"http:\/\/montanaaventure.com\/wp-content\/uploads\/2017\/05\/image3551.png","datePublished":"2017-05-07T20:31:30+00:00","dateModified":"2024-09-18T11:34:35+00:00","breadcrumb":{"@id":"https:\/\/montanaaventure.com\/index.php\/raid-loups-2020\/#breadcrumb"},"inLanguage":"fr-FR","potentialAction":[{"@type":"ReadAction","target":["https:\/\/montanaaventure.com\/index.php\/raid-loups-2020\/"]}]},{"@type":"ImageObject","inLanguage":"fr-FR","@id":"https:\/\/montanaaventure.com\/index.php\/raid-loups-2020\/#primaryimage","url":"http:\/\/montanaaventure.com\/wp-content\/uploads\/2017\/05\/image3551.png","contentUrl":"http:\/\/montanaaventure.com\/wp-content\/uploads\/2017\/05\/image3551.png"},{"@type":"BreadcrumbList","@id":"https:\/\/montanaaventure.com\/index.php\/raid-loups-2020\/#breadcrumb","itemListElement":[{"@type":"ListItem","position":1,"name":"Accueil","item":"https:\/\/montanaaventure.com\/"},{"@type":"ListItem","position":2,"name":"RAID DES LOUPS"}]},{"@type":"WebSite","@id":"https:\/\/montanaaventure.com\/#website","url":"https:\/\/montanaaventure.com\/","name":"MONTANA AVENTURE","description":"RAID MOTONEIGE EN REGION SAUVAGE","potentialAction":[{"@type":"SearchAction","target":{"@type":"EntryPoint","urlTemplate":"https:\/\/montanaaventure.com\/?s={search_term_string}"},"query-input":{"@type":"PropertyValueSpecification","valueRequired":true,"valueName":"search_term_string"}}],"inLanguage":"fr-FR"}]}},"_links":{"self":[{"href":"https:\/\/montanaaventure.com\/index.php\/wp-json\/wp\/v2\/pages\/563","targetHints":{"allow":["GET"]}}],"collection":[{"href":"https:\/\/montanaaventure.com\/index.php\/wp-json\/wp\/v2\/pages"}],"about":[{"href":"https:\/\/montanaaventure.com\/index.php\/wp-json\/wp\/v2\/types\/page"}],"author":[{"embeddable":true,"href":"https:\/\/montanaaventure.com\/index.php\/wp-json\/wp\/v2\/users\/1"}],"replies":[{"embeddable":true,"href":"https:\/\/montanaaventure.com\/index.php\/wp-json\/wp\/v2\/comments?post=563"}],"version-history":[{"count":26,"href":"https:\/\/montanaaventure.com\/index.php\/wp-json\/wp\/v2\/pages\/563\/revisions"}],"predecessor-version":[{"id":1185,"href":"https:\/\/montanaaventure.com\/index.php\/wp-json\/wp\/v2\/pages\/563\/revisions\/1185"}],"wp:attachment":[{"href":"https:\/\/montanaaventure.com\/index.php\/wp-json\/wp\/v2\/media?parent=563"}],"curies":[{"name":"wp","href":"https:\/\/api.w.org\/{rel}","templated":true}]}}