{"id":2,"date":"2016-11-08T19:34:45","date_gmt":"2016-11-08T18:34:45","guid":{"rendered":"http:\/\/montanaaventure.com\/?page_id=2"},"modified":"2016-11-12T09:45:14","modified_gmt":"2016-11-12T08:45:14","slug":"page-d-exemple","status":"publish","type":"page","link":"https:\/\/montanaaventure.com\/index.php\/page-d-exemple\/","title":{"rendered":"MONTANA AVENTURE &#8211; FACQ"},"content":{"rendered":"<h2>LE MOT DU GUIDE<\/h2>\n<p><b>Les questions les plus couramment pos\u00e9es<\/b><br \/>\nQuel Raid choisir ?<br \/>\nQuelques petites r\u00e9ponses qui je pense, avec mon exp\u00e9rience de guide motoneige depuis vingt ann\u00e9es,<br \/>\nvous aideront \u00e0 bien choisir votre raid.<br \/>\nTout d&rsquo;abord il faut choisir son package, en fonction de son niveau et de sa condition physique :<\/p>\n<p><img loading=\"lazy\" decoding=\"async\" class=\"alignnone size-full wp-image-117 aligncenter\" src=\"https:\/\/montanaaventure.com\/wp-content\/uploads\/2016\/11\/image111.gif\" alt=\"image111\" height=\"59\" width=\"68\"><br \/>\n<b>Raid des \u00e9cureuils ou castors<\/b><br \/>\n\u2022 Conseill\u00e9 pour une premi\u00e8re d\u00e9couverte du canada et de la motoneige<br \/>\n<b>Raid des loups<\/b><br \/>\n\u2022 Conseill\u00e9 aux plus exp\u00e9riment\u00e9s, aux amateurs de quads, aux motards. C&rsquo;est un raid de<br \/>\nplus de mille kilom\u00e8tres en r\u00e9gion sauvage.<br \/>\n<b>Raid \u00e0 la carte<\/b><br \/>\n\u2022 Vous envisagez de former votre propre groupe ? Pour cela, il faudra un minimum de six motoneiges pour<br \/>\ntrois jours de raid ou plus.<br \/>\n<b>Quelle est la bonne p\u00e9riode ?<\/b><br \/>\n\u2022 Du 15 janvier au 15 mars, pour une bonne qualit\u00e9 et une abondance de neige. Pendant cette p\u00e9riode, on<br \/>\npeut \u00eatre s\u00fbr que tous les sentiers sont ouverts. En janvier, il fait tr\u00e8s froid mais les \u00e9quipements sont<br \/>\nadapt\u00e9s au climat.<br \/>\n\u2022 En f\u00e9vrier, le temps est un peu plus doux, mais il y a plus de monde.<br \/>\n\u2022 Fin f\u00e9vrier, d\u00e9but mars, les journ\u00e9es se rallongent. C&rsquo;est l&rsquo;hiver canadien, sans le grand froid.<br \/>\n<b>Quand r\u00e9server votre raid motoneige au canada ???<\/b><br \/>\n\u2022 Pour b\u00e9n\u00e9ficier de bons prix pour les billets d&rsquo;avion, il faut s&rsquo;y prendre assez t\u00f4t. Souvent les meilleurs<br \/>\ntarifs sortent en septembre. Plus on s&rsquo;approche de la date de d\u00e9part, plus le prix du transport a\u00e9rien peut<br \/>\naugmenter.<\/p>\n<p><img loading=\"lazy\" decoding=\"async\" class=\"alignnone size-full wp-image-115 aligncenter\" src=\"https:\/\/montanaaventure.com\/wp-content\/uploads\/2016\/11\/image109.gif\" alt=\"image109\" height=\"65\" width=\"76\"><\/p>\n<p>Je reste bien entendu \u00e0 votre disposition (06.27.79.30.60 ou par mail : montanaaventure@gmail.com) pour<br \/>\ntoutes autres questions ou tous renseignements, afin que cette belle aventure au c\u0153ur des grands espaces canadiens reste un souvenir inoubliable.<br \/>\nA tr\u00e8s bient\u00f4t&#8230;mes Chums !<br \/>\nCordialement, Jeannot.<\/p>\n<p><img loading=\"lazy\" decoding=\"async\" class=\"alignnone size-medium wp-image-118\" src=\"https:\/\/montanaaventure.com\/wp-content\/uploads\/2016\/11\/image112-300x126.jpg\" alt=\"image112\" height=\"126\" width=\"300\" srcset=\"https:\/\/montanaaventure.com\/wp-content\/uploads\/2016\/11\/image112-300x126.jpg 300w, https:\/\/montanaaventure.com\/wp-content\/uploads\/2016\/11\/image112.jpg 501w\" sizes=\"auto, (max-width: 300px) 100vw, 300px\" \/><\/p>\n<p>&nbsp;<\/p>\n<hr>\n<p>&nbsp;<\/p>\n<p><img loading=\"lazy\" decoding=\"async\" class=\"alignnone  wp-image-120 aligncenter\" src=\"https:\/\/montanaaventure.com\/wp-content\/uploads\/2016\/11\/image114-300x175.jpg\" alt=\"image114\" height=\"324\" width=\"555\" srcset=\"https:\/\/montanaaventure.com\/wp-content\/uploads\/2016\/11\/image114-300x175.jpg 300w, https:\/\/montanaaventure.com\/wp-content\/uploads\/2016\/11\/image114.jpg 643w\" sizes=\"auto, (max-width: 555px) 100vw, 555px\" \/><\/p>\n<p>&nbsp;<\/p>\n<p>Venez rejoindre <b>MONTANA AVENTURE <\/b>si vous avez envie d\u2019un Raid Motoneige personnalis\u00e9 o\u00f9<br \/>\nAventure et Nature s\u2019harmonisent \u00e0 travers un d\u00e9paysement sur mesure.<br \/>\nAvec ses <b>22 ans d\u2019exp\u00e9rience <\/b>et en mettant <b>l\u2019accent sur la qualit\u00e9 du mat\u00e9riel fourni \u00ab Motoneiges<\/b><br \/>\n<b>mill\u00e9sim\u00e9es\u00bb, Montana Aventure <\/b>a su mettre en place des programmes personnalis\u00e9s pour vous.<br \/>\nD\u00e9butant ou expert, encadr\u00e9 par <i>un guide exp\u00e9riment\u00e9 (Jeannot), <\/i>Montana Aventure vous permettra de<br \/>\nvivre une exp\u00e9rience exaltante au c\u0153ur de plusieurs r\u00e9gions entre lacs gel\u00e9s et nature sauvage et vous<br \/>\nproposera <i>une diversit\u00e9 d\u2019h\u00e9bergement pour votre confort.<\/i><br \/>\nParticiper \u00e0 un Raid Blanc de Montana Aventure c\u2019est de l\u2019adr\u00e9naline assur\u00e9e o\u00f9 aventure, d\u00e9couverte et<br \/>\nsensations fortes sont au rendez-vous.<br \/>\nDe plus, venir au Qu\u00e9bec, c\u2019est du plaisir garanti avec la d\u00e9couverte de Montr\u00e9al, la m\u00e9tropole francophone, ville la plus excitante du Canada o\u00f9 l\u2019on peut magasiner sur des kilom\u00e8tres de boutiques souterraines.<br \/>\nC\u2019est aussi la possibilit\u00e9 de visiter la somptueuse ville de Qu\u00e9bec riche en histoires.<\/p>\n<p><img loading=\"lazy\" decoding=\"async\" class=\"alignnone size-medium wp-image-121\" src=\"https:\/\/montanaaventure.com\/wp-content\/uploads\/2016\/11\/image115-300x279.png\" alt=\"image115\" height=\"279\" width=\"300\" srcset=\"https:\/\/montanaaventure.com\/wp-content\/uploads\/2016\/11\/image115-300x279.png 300w, https:\/\/montanaaventure.com\/wp-content\/uploads\/2016\/11\/image115-768x714.png 768w, https:\/\/montanaaventure.com\/wp-content\/uploads\/2016\/11\/image115-1024x952.png 1024w, https:\/\/montanaaventure.com\/wp-content\/uploads\/2016\/11\/image115.png 2009w\" sizes=\"auto, (max-width: 300px) 100vw, 300px\" \/><\/p>\n","protected":false},"excerpt":{"rendered":"<p>LE MOT DU GUIDE Les questions les plus couramment pos\u00e9es Quel Raid choisir ? Quelques petites r\u00e9ponses qui je pense, avec mon exp\u00e9rience de guide motoneige depuis vingt ann\u00e9es, vous aideront \u00e0 bien choisir votre raid. Tout d&rsquo;abord il faut choisir son package, en fonction de son niveau et de sa condition physique : Raid <a href=\"https:\/\/montanaaventure.com\/index.php\/page-d-exemple\/\" rel=\"nofollow\"><span class=\"sr-only\">En savoir plus surMONTANA AVENTURE &#8211; FACQ<\/span>[&#8230;]<\/a><\/p>\n","protected":false},"author":1,"featured_media":0,"parent":0,"menu_order":0,"comment_status":"closed","ping_status":"open","template":"template-fullwidth.php","meta":{"ngg_post_thumbnail":0,"footnotes":""},"class_list":["post-2","page","type-page","status-publish","hentry"],"yoast_head":"<!-- This site is optimized with the Yoast SEO plugin v27.2 - https:\/\/yoast.com\/product\/yoast-seo-wordpress\/ -->\n<title>MONTANA AVENTURE - FACQ - MONTANA AVENTURE<\/title>\n<meta name=\"robots\" content=\"index, follow, max-snippet:-1, max-image-preview:large, max-video-preview:-1\" \/>\n<link rel=\"canonical\" href=\"https:\/\/montanaaventure.com\/index.php\/page-d-exemple\/\" \/>\n<meta property=\"og:locale\" content=\"fr_FR\" \/>\n<meta property=\"og:type\" content=\"article\" \/>\n<meta property=\"og:title\" content=\"MONTANA AVENTURE - FACQ - MONTANA AVENTURE\" \/>\n<meta property=\"og:description\" content=\"LE MOT DU GUIDE Les questions les plus couramment pos\u00e9es Quel Raid choisir ? Quelques petites r\u00e9ponses qui je pense, avec mon exp\u00e9rience de guide motoneige depuis vingt ann\u00e9es, vous aideront \u00e0 bien choisir votre raid. Tout d&rsquo;abord il faut choisir son package, en fonction de son niveau et de sa condition physique : Raid En savoir plus surMONTANA AVENTURE &#8211; FACQ[...]\" \/>\n<meta property=\"og:url\" content=\"https:\/\/montanaaventure.com\/index.php\/page-d-exemple\/\" \/>\n<meta property=\"og:site_name\" content=\"MONTANA AVENTURE\" \/>\n<meta property=\"article:modified_time\" content=\"2016-11-12T08:45:14+00:00\" \/>\n<meta property=\"og:image\" content=\"http:\/\/montanaaventure.com\/wp-content\/uploads\/2016\/11\/image111.gif\" \/>\n<meta name=\"twitter:card\" content=\"summary_large_image\" \/>\n<meta name=\"twitter:label1\" content=\"Dur\u00e9e de lecture estim\u00e9e\" \/>\n\t<meta name=\"twitter:data1\" content=\"2 minutes\" \/>\n<script type=\"application\/ld+json\" class=\"yoast-schema-graph\">{\"@context\":\"https:\/\/schema.org\",\"@graph\":[{\"@type\":\"WebPage\",\"@id\":\"https:\/\/montanaaventure.com\/index.php\/page-d-exemple\/\",\"url\":\"https:\/\/montanaaventure.com\/index.php\/page-d-exemple\/\",\"name\":\"MONTANA AVENTURE - FACQ - MONTANA AVENTURE\",\"isPartOf\":{\"@id\":\"https:\/\/montanaaventure.com\/#website\"},\"primaryImageOfPage\":{\"@id\":\"https:\/\/montanaaventure.com\/index.php\/page-d-exemple\/#primaryimage\"},\"image\":{\"@id\":\"https:\/\/montanaaventure.com\/index.php\/page-d-exemple\/#primaryimage\"},\"thumbnailUrl\":\"http:\/\/montanaaventure.com\/wp-content\/uploads\/2016\/11\/image111.gif\",\"datePublished\":\"2016-11-08T18:34:45+00:00\",\"dateModified\":\"2016-11-12T08:45:14+00:00\",\"breadcrumb\":{\"@id\":\"https:\/\/montanaaventure.com\/index.php\/page-d-exemple\/#breadcrumb\"},\"inLanguage\":\"fr-FR\",\"potentialAction\":[{\"@type\":\"ReadAction\",\"target\":[\"https:\/\/montanaaventure.com\/index.php\/page-d-exemple\/\"]}]},{\"@type\":\"ImageObject\",\"inLanguage\":\"fr-FR\",\"@id\":\"https:\/\/montanaaventure.com\/index.php\/page-d-exemple\/#primaryimage\",\"url\":\"http:\/\/montanaaventure.com\/wp-content\/uploads\/2016\/11\/image111.gif\",\"contentUrl\":\"http:\/\/montanaaventure.com\/wp-content\/uploads\/2016\/11\/image111.gif\"},{\"@type\":\"BreadcrumbList\",\"@id\":\"https:\/\/montanaaventure.com\/index.php\/page-d-exemple\/#breadcrumb\",\"itemListElement\":[{\"@type\":\"ListItem\",\"position\":1,\"name\":\"Accueil\",\"item\":\"https:\/\/montanaaventure.com\/\"},{\"@type\":\"ListItem\",\"position\":2,\"name\":\"MONTANA AVENTURE &#8211; FACQ\"}]},{\"@type\":\"WebSite\",\"@id\":\"https:\/\/montanaaventure.com\/#website\",\"url\":\"https:\/\/montanaaventure.com\/\",\"name\":\"MONTANA AVENTURE\",\"description\":\"RAID MOTONEIGE EN REGION SAUVAGE\",\"potentialAction\":[{\"@type\":\"SearchAction\",\"target\":{\"@type\":\"EntryPoint\",\"urlTemplate\":\"https:\/\/montanaaventure.com\/?s={search_term_string}\"},\"query-input\":{\"@type\":\"PropertyValueSpecification\",\"valueRequired\":true,\"valueName\":\"search_term_string\"}}],\"inLanguage\":\"fr-FR\"}]}<\/script>\n<!-- \/ Yoast SEO plugin. -->","yoast_head_json":{"title":"MONTANA AVENTURE - FACQ - MONTANA AVENTURE","robots":{"index":"index","follow":"follow","max-snippet":"max-snippet:-1","max-image-preview":"max-image-preview:large","max-video-preview":"max-video-preview:-1"},"canonical":"https:\/\/montanaaventure.com\/index.php\/page-d-exemple\/","og_locale":"fr_FR","og_type":"article","og_title":"MONTANA AVENTURE - FACQ - MONTANA AVENTURE","og_description":"LE MOT DU GUIDE Les questions les plus couramment pos\u00e9es Quel Raid choisir ? Quelques petites r\u00e9ponses qui je pense, avec mon exp\u00e9rience de guide motoneige depuis vingt ann\u00e9es, vous aideront \u00e0 bien choisir votre raid. Tout d&rsquo;abord il faut choisir son package, en fonction de son niveau et de sa condition physique : Raid En savoir plus surMONTANA AVENTURE &#8211; FACQ[...]","og_url":"https:\/\/montanaaventure.com\/index.php\/page-d-exemple\/","og_site_name":"MONTANA AVENTURE","article_modified_time":"2016-11-12T08:45:14+00:00","og_image":[{"url":"http:\/\/montanaaventure.com\/wp-content\/uploads\/2016\/11\/image111.gif","type":"","width":"","height":""}],"twitter_card":"summary_large_image","twitter_misc":{"Dur\u00e9e de lecture estim\u00e9e":"2 minutes"},"schema":{"@context":"https:\/\/schema.org","@graph":[{"@type":"WebPage","@id":"https:\/\/montanaaventure.com\/index.php\/page-d-exemple\/","url":"https:\/\/montanaaventure.com\/index.php\/page-d-exemple\/","name":"MONTANA AVENTURE - FACQ - MONTANA AVENTURE","isPartOf":{"@id":"https:\/\/montanaaventure.com\/#website"},"primaryImageOfPage":{"@id":"https:\/\/montanaaventure.com\/index.php\/page-d-exemple\/#primaryimage"},"image":{"@id":"https:\/\/montanaaventure.com\/index.php\/page-d-exemple\/#primaryimage"},"thumbnailUrl":"http:\/\/montanaaventure.com\/wp-content\/uploads\/2016\/11\/image111.gif","datePublished":"2016-11-08T18:34:45+00:00","dateModified":"2016-11-12T08:45:14+00:00","breadcrumb":{"@id":"https:\/\/montanaaventure.com\/index.php\/page-d-exemple\/#breadcrumb"},"inLanguage":"fr-FR","potentialAction":[{"@type":"ReadAction","target":["https:\/\/montanaaventure.com\/index.php\/page-d-exemple\/"]}]},{"@type":"ImageObject","inLanguage":"fr-FR","@id":"https:\/\/montanaaventure.com\/index.php\/page-d-exemple\/#primaryimage","url":"http:\/\/montanaaventure.com\/wp-content\/uploads\/2016\/11\/image111.gif","contentUrl":"http:\/\/montanaaventure.com\/wp-content\/uploads\/2016\/11\/image111.gif"},{"@type":"BreadcrumbList","@id":"https:\/\/montanaaventure.com\/index.php\/page-d-exemple\/#breadcrumb","itemListElement":[{"@type":"ListItem","position":1,"name":"Accueil","item":"https:\/\/montanaaventure.com\/"},{"@type":"ListItem","position":2,"name":"MONTANA AVENTURE &#8211; FACQ"}]},{"@type":"WebSite","@id":"https:\/\/montanaaventure.com\/#website","url":"https:\/\/montanaaventure.com\/","name":"MONTANA AVENTURE","description":"RAID MOTONEIGE EN REGION SAUVAGE","potentialAction":[{"@type":"SearchAction","target":{"@type":"EntryPoint","urlTemplate":"https:\/\/montanaaventure.com\/?s={search_term_string}"},"query-input":{"@type":"PropertyValueSpecification","valueRequired":true,"valueName":"search_term_string"}}],"inLanguage":"fr-FR"}]}},"_links":{"self":[{"href":"https:\/\/montanaaventure.com\/index.php\/wp-json\/wp\/v2\/pages\/2","targetHints":{"allow":["GET"]}}],"collection":[{"href":"https:\/\/montanaaventure.com\/index.php\/wp-json\/wp\/v2\/pages"}],"about":[{"href":"https:\/\/montanaaventure.com\/index.php\/wp-json\/wp\/v2\/types\/page"}],"author":[{"embeddable":true,"href":"https:\/\/montanaaventure.com\/index.php\/wp-json\/wp\/v2\/users\/1"}],"replies":[{"embeddable":true,"href":"https:\/\/montanaaventure.com\/index.php\/wp-json\/wp\/v2\/comments?post=2"}],"version-history":[{"count":9,"href":"https:\/\/montanaaventure.com\/index.php\/wp-json\/wp\/v2\/pages\/2\/revisions"}],"predecessor-version":[{"id":183,"href":"https:\/\/montanaaventure.com\/index.php\/wp-json\/wp\/v2\/pages\/2\/revisions\/183"}],"wp:attachment":[{"href":"https:\/\/montanaaventure.com\/index.php\/wp-json\/wp\/v2\/media?parent=2"}],"curies":[{"name":"wp","href":"https:\/\/api.w.org\/{rel}","templated":true}]}}